{"id":34994,"date":"2025-11-06T16:05:13","date_gmt":"2025-11-06T16:05:13","guid":{"rendered":"https:\/\/redachem.com\/about-us\/%e8%b4%a8%e9%87%8f\/"},"modified":"2025-11-06T16:05:13","modified_gmt":"2025-11-06T16:05:13","slug":"%e8%b4%a8%e9%87%8f","status":"publish","type":"page","link":"https:\/\/redachem.com\/zh-hans\/about-us\/%e8%b4%a8%e9%87%8f\/","title":{"rendered":"\u8d28\u91cf"},"content":{"rendered":"<div class=\"wpb-content-wrapper\">[vc_row][vc_column]<div class=\"shortcode-wrapper shortcode-title clearfix\"><h1 class=\"\">\u8d28\u91cf<\/h1><\/div>[\/vc_column][\/vc_row][vc_row][vc_column][vc_column_text css=&#8221;&#8221;]REDA Chemicals \u81f4\u529b\u4e8e\u5efa\u7acb\u7b26\u5408 ISO 9001:2015 \u8d28\u91cf\u6807\u51c6\u8981\u6c42\u7684\u8d28\u91cf\u7ba1\u7406\u4f53\u7cfb\u3002\u6211\u4eec\u7684\u516c\u53f8\u7ecf SGS\uff08Soci\u00e9t\u00e9 G\u00e9n\u00e9rale de Surveillance\uff09\u8ba4\u8bc1\u3002 [\/vc_column_text][vc_column_text]\n<h2 style=\"color: #009;\">\u5065\u5eb7\u4e0e\u73af\u5883<\/h2>\n[\/vc_column_text][vc_column_text css=&#8221;&#8221;]REDA Chemicals \u5bf9\u6211\u4eec\u6240\u9500\u552e\u4ea7\u54c1\u5b9e\u884c\u6279\u6b21\u63a7\u5236\u3001\u4fdd\u7559\u7269\u6599\u5b89\u5168\u6570\u636e\u8868\uff08MSDS\uff09\u548c\u5206\u6790\u8bc1\u4e66\uff08C of A\uff09\u3002\u6211\u4eec\u7684\u7d27\u6025\u54cd\u5e94\u7a0b\u5e8f\u4e3a\u5ba2\u6237\u548c\u793e\u533a\u63d0\u4f9b\u989d\u5916\u652f\u6301\u3002\u6211\u4eec\u7684\u8d28\u91cf\u4f53\u7cfb\u7684\u51c6\u786e\u6027\u6709\u52a9\u4e8e\u652f\u6301\u60a8\u7684\u8d28\u91cf\u63a7\u5236\u3001\u6cd5\u89c4\u9075\u4ece\u548c ISO \u8981\u6c42\u3002  [\/vc_column_text][vc_column_text css=&#8221;&#8221;]\u6211\u4eec\u9075\u5b88 Responsible Care\u00ae \u7684\u8981\u6c42\u2014\u2014\u8fd9\u662f\u884c\u4e1a\u5728\u5065\u5eb7\u3001\u5b89\u5168\u53ca\u73af\u5883\uff08HSE\uff09\u65b9\u9762\u7684\u6807\u51c6\u3002[\/vc_column_text][vc_column_text css=&#8221;&#8221;]<strong>Responsible Care\u00ae \u539f\u5219<\/strong>[\/vc_column_text][vc_column_text css=&#8221;&#8221;]\u6211\u4eec\u7684\u884c\u4e1a\u521b\u9020\u51fa\u80fd\u591f\u6539\u5584\u4e16\u754c\u5404\u5730\u4eba\u4eec\u751f\u6d3b\u8d28\u91cf\u7684\u4ea7\u54c1\u548c\u670d\u52a1\u2014\u2014\u65e0\u8bba\u662f\u73b0\u5728\uff0c\u8fd8\u662f\u672a\u6765\u3002\u6211\u4eec\u6240\u5904\u884c\u4e1a\u7684\u76ca\u5904\u4f34\u968f\u7740\u6211\u4eec\u5bf9\u5168\u7403\u5316\u5b66\u54c1\u7ba1\u7406\u4e2d Responsible Care\u00ae \u7684\u957f\u671f\u627f\u8bfa\u3002\u6211\u4eec\u5c06\u6301\u7eed\u63a8\u8fdb\u201c\u96f6\u4e8b\u6545\u3001\u96f6\u4f24\u5bb3\u3001\u96f6\u73af\u5883\u7834\u574f\u201d\u7684\u613f\u666f\uff0c\u5e76\u62a5\u544a\u6211\u4eec\u7684\u5065\u5eb7\u3001\u5b89\u5168\u4e0e\u73af\u5883\u7ee9\u6548\u3002\u6211\u4eec\u5c06\u4ee5\u5408\u4e4e\u9053\u5fb7\u7684\u65b9\u5f0f\u5f15\u9886\u6211\u4eec\u7684\u516c\u53f8\uff0c\u6301\u7eed\u4e3a\u793e\u4f1a\u3001\u7ecf\u6d4e\u4e0e\u73af\u5883\u5e26\u6765\u76ca\u5904\uff0c\u540c\u65f6\u9075\u5b88\u4ee5\u4e0b\u539f\u5219\uff1a   [\/vc_column_text][vc_column_text]\n<ul>\n<li>\u503e\u542c\u516c\u4f17\u610f\u89c1\u5e76\u5c06\u5176\u7eb3\u5165\u6211\u4eec\u4ea7\u54c1\u4e0e\u8fd0\u8425\u4e2d\u3002<\/li>\n<li>\u63d0\u4f9b\u53ef\u5b89\u5168\u5236\u9020\u3001\u8fd0\u8f93\u3001\u4f7f\u7528\u53ca\u5904\u7f6e\u7684\u5316\u5b66\u54c1\u3002<\/li>\n<li>\u5c06\u5065\u5eb7\u3001\u5b89\u5168\u3001\u73af\u5883\u53ca\u8d44\u6e90\u4fdd\u62a4\u4f5c\u4e3a\u6240\u6709\u65b0\u65e7\u4ea7\u54c1\u4e0e\u6d41\u7a0b\u7684\u5173\u952e\u8003\u8651\u56e0\u7d20\u3002<\/li>\n<li>\u63d0\u4f9b\u5173\u4e8e\u5065\u5eb7\u6216\u73af\u5883\u98ce\u9669\u7684\u4fe1\u606f\uff0c\u5e76\u4e3a\u5458\u5de5\u3001\u516c\u4f17\u53ca\u5176\u4ed6\u5173\u952e\u5229\u76ca\u76f8\u5173\u8005\u63a8\u8fdb\u4fdd\u62a4\u63aa\u65bd\u3002<\/li>\n<li>\u4e0e\u5ba2\u6237\u3001\u8fd0\u8f93\u5546\u3001\u4f9b\u5e94\u5546\u3001\u5206\u9500\u5546\u548c\u627f\u5305\u5546\u5408\u4f5c\uff0c\u4ee5\u4fc3\u8fdb\u5316\u5b66\u54c1\u7684\u5b89\u5168\u4f7f\u7528\u3001\u8fd0\u8f93\u548c\u5904\u7f6e\u3002<\/li>\n<li>\u4ee5\u4fdd\u62a4\u73af\u5883\u3001\u5458\u5de5\u4e0e\u516c\u4f17\u5065\u5eb7\u5b89\u5168\u7684\u65b9\u5f0f\u8fd0\u8425\u6211\u4eec\u7684\u8bbe\u65bd\u3002<\/li>\n<li>\u652f\u6301\u6709\u5173\u6211\u4eec\u4ea7\u54c1\u4e0e\u6d41\u7a0b\u5728\u5065\u5eb7\u3001\u5b89\u5168\u4e0e\u73af\u5883\u65b9\u9762\u5f71\u54cd\u7684\u6559\u80b2\u4e0e\u7814\u7a76\u3002<\/li>\n<li>\u4e0e\u4ed6\u65b9\u5408\u4f5c\uff0c\u89e3\u51b3\u4e0e\u8fc7\u5f80\u5904\u7406\u4e0e\u5904\u7f6e\u5b9e\u8df5\u76f8\u5173\u7684\u95ee\u9898\u3002<\/li>\n<li>\u5728\u5236\u5b9a\u4fdd\u969c\u793e\u533a\u3001\u5de5\u4f5c\u573a\u6240\u548c\u73af\u5883\u7684\u8d1f\u8d23\u4efb\u6cd5\u5f8b\u3001\u6cd5\u89c4\u548c\u6807\u51c6\u65b9\u9762\u53d1\u6325\u5f15\u9886\u4f5c\u7528\u3002<\/li>\n<li>\u901a\u8fc7\u9f13\u52b1\u5e76\u534f\u52a9\u4ed6\u65b9\u9075\u5b88\u8fd9\u4e9b\u539f\u5219\u4e0e\u5b9e\u8df5\u6765\u5b9e\u8df5 Responsible Care\u00ae\u3002<\/li>\n<\/ul>\n[\/vc_column_text][\/vc_column][\/vc_row][vc_row][vc_column]<div class=\"shortcode-wrapper shortcode-spacer clearfix\"><div class=\"spacer\" style=\"height:20px;\"><\/div><\/div>[\/vc_column][\/vc_row][vc_row][vc_column width=&#8221;1\/3&#8243;]<div class=\"shortcode-wrapper shortcode-icon-box clearfix hb-animate-element hb-flip-y\"><div class=\"feature-box aligncenter\"><a href=\"\/our-organization\/\" target=\"_self\" class=\"hb-icon-wrapper\"><i class=\"icon-paste ic-holder-1\"><\/i><\/a><div class=\"feature-box-content\"><h4 class=\"bold\"><a href=\"\/our-organization\/\" target=\"_self\">Organization<\/a><\/h4><div class=\"hb-small-break\"><\/div><p><img loading=\"lazy\" decoding=\"async\" class=\"aligncenter size-full wp-image-7748\" src=\"https:\/\/redachem.com\/wp-content\/uploads\/2018\/02\/Our-Organization-thumb.jpg\" alt=\"\" width=\"285\" height=\"150\"><\/p><\/div><\/div><\/div>[\/vc_column][vc_column width=&#8221;1\/3&#8243;]<div class=\"shortcode-wrapper shortcode-icon-box clearfix hb-animate-element hb-flip-y\"><div class=\"feature-box aligncenter\"><a href=\"\/markets\/\" target=\"_self\" class=\"hb-icon-wrapper\"><i class=\"hb-moon-users ic-holder-1\"><\/i><\/a><div class=\"feature-box-content\"><h4 class=\"bold\"><a href=\"\/markets\/\" target=\"_self\">Markets we serve<\/a><\/h4><div class=\"hb-small-break\"><\/div><p><img loading=\"lazy\" decoding=\"async\" class=\"aligncenter size-full wp-image-7749\" src=\"https:\/\/redachem.com\/wp-content\/uploads\/2018\/02\/Markets-1.jpg\" alt=\"\" width=\"285\" height=\"150\"><\/p><\/div><\/div><\/div>[\/vc_column][vc_column width=&#8221;1\/3&#8243;]<div class=\"shortcode-wrapper shortcode-icon-box clearfix hb-animate-element hb-flip-y\"><div class=\"feature-box aligncenter\"><a href=\"\/quality\/\" target=\"_self\" class=\"hb-icon-wrapper\"><i class=\"icon-suitcase ic-holder-1\"><\/i><\/a><div class=\"feature-box-content\"><h4 class=\"bold\"><a href=\"\/quality\/\" target=\"_self\">QHSE<\/a><\/h4><div class=\"hb-small-break\"><\/div><p><img loading=\"lazy\" decoding=\"async\" class=\"aligncenter size-full wp-image-7751\" src=\"https:\/\/redachem.com\/wp-content\/uploads\/2018\/02\/G-_Back-up-2_REDA-Chemicals-Banners_285x150_Girl_petrochmicals.jpg\" alt=\"\" width=\"285\" height=\"150\"><\/p><\/div><\/div><\/div>[\/vc_column][\/vc_row]\n<\/div>","protected":false},"excerpt":{"rendered":"<p>[vc_row][vc_column][\/vc_column][\/vc_row][vc_row][vc_column][vc_column_text css=&#038; [&hellip;]<\/p>\n","protected":false},"author":6,"featured_media":0,"parent":11109,"menu_order":1,"comment_status":"closed","ping_status":"closed","template":"","meta":{"om_disable_all_campaigns":false,"_monsterinsights_skip_tracking":false,"_monsterinsights_sitenote_active":false,"_monsterinsights_sitenote_note":"","_monsterinsights_sitenote_category":0,"footnotes":""},"class_list":["post-34994","page","type-page","status-publish","hentry"],"aioseo_notices":[],"_links":{"self":[{"href":"https:\/\/redachem.com\/zh-hans\/wp-json\/wp\/v2\/pages\/34994","targetHints":{"allow":["GET"]}}],"collection":[{"href":"https:\/\/redachem.com\/zh-hans\/wp-json\/wp\/v2\/pages"}],"about":[{"href":"https:\/\/redachem.com\/zh-hans\/wp-json\/wp\/v2\/types\/page"}],"author":[{"embeddable":true,"href":"https:\/\/redachem.com\/zh-hans\/wp-json\/wp\/v2\/users\/6"}],"replies":[{"embeddable":true,"href":"https:\/\/redachem.com\/zh-hans\/wp-json\/wp\/v2\/comments?post=34994"}],"version-history":[{"count":0,"href":"https:\/\/redachem.com\/zh-hans\/wp-json\/wp\/v2\/pages\/34994\/revisions"}],"up":[{"embeddable":true,"href":"https:\/\/redachem.com\/zh-hans\/wp-json\/wp\/v2\/pages\/11109"}],"wp:attachment":[{"href":"https:\/\/redachem.com\/zh-hans\/wp-json\/wp\/v2\/media?parent=34994"}],"curies":[{"name":"wp","href":"https:\/\/api.w.org\/{rel}","templated":true}]}}