{"id":27996,"date":"2023-01-16T16:57:05","date_gmt":"2023-01-16T16:57:05","guid":{"rendered":"https:\/\/redachem.com\/services\/"},"modified":"2023-02-14T14:56:16","modified_gmt":"2023-02-14T14:56:16","slug":"services","status":"publish","type":"page","link":"https:\/\/redachem.com\/ru\/services\/","title":{"rendered":"Services"},"content":{"rendered":"<div class=\"wpb-content-wrapper\">[vc_row][vc_column]<div class=\"shortcode-wrapper shortcode-spacer clearfix\"><div class=\"spacer\" style=\"height:15px;\"><\/div><\/div>[vc_column_text]\n<h2 style=\"color: #003399; font-size: 50px;\">Our Services<\/h2>\n[\/vc_column_text][vc_column_text]<a id=\"OurPeople\" name=\"OurPeople\"><\/a>Our company offers a range of expert services, including <strong>comprehensive supply chain solutions, sourcing capabilities, and logistics<\/strong>.<\/p>\n<p>Our team of dedicated professionals has the knowledge, experience, and expertise to help you streamline your operations. Whether you need help <strong>managing your inventory, identifying new suppliers, and coordinating logistics<\/strong>, we have the skills, capability, and resources to help you succeed.[\/vc_column_text][\/vc_column][\/vc_row][vc_row fullwidth=&#187;yes&#187; background_color=&#187;#f2f2f2&#8243;][vc_column]<div class=\"shortcode-wrapper shortcode-spacer clearfix\"><div class=\"spacer\" style=\"height:50px;\"><\/div><\/div>[vc_column_text]\n<h2><strong><span style=\"font-size: 35px;\">Our People <\/span><\/strong><em>&#8212; Motivated to help grow your business<\/em><\/h2>\n[\/vc_column_text][vc_column_text]<strong>Our 750+ experts in 30+ countries<\/strong> are guided by one core mission &#8212; provide <strong>on-the-ground support<\/strong> and deliver personalized solutions using their advanced technical knowledge and our wide range of suppliers and relationships.<\/p>\n<p>You will find our local teams familiar with your processes and product trends, making them experts in your market, whatever your size or level of complexity.[\/vc_column_text][vc_column_text]\n<h3 style=\"text-align: left; color: #00aeef; line-height: 10px; font-size: 18px;\"><em>\u00a0 \u00a0 \u00a0 \u00a0 \u00a0 \u00a0 \u00a0 \u00a0 \u00a0 \u00a0 \u00a0 \u00a0 \u00a0 \u00a0 \u00a0 \u00a0 \u00a0 \u00a0 \u00a0 \u00a0 \u00a0 \u00a0Thousands of satisfied customers &#8212; <\/em><\/h3>\n<h3 style=\"text-align: center; color: #00aeef; line-height: 10px; font-size: 18px;\"><em>\u00a0 \u00a0 \u00a0 \u00a0 \u00a0 \u00a0 \u00a0 \u00a0 \u00a0 \u00a0 \u00a0 \u00a0 \u00a0 \u00a0 \u00a0 \u00a0 \u00a0 \u00a0 \u00a0 \u00a0 \u00a0 \u00a0 \u00a0 \u00a0 \u00a0 \u00a0 \u00a0 \u00a0 because we understand your business<\/em><\/h3>\n[\/vc_column_text][vc_column_text]Our Technical Teams work closely with our customers in our strategically located <strong>Laboratories<\/strong> to develop <strong>high-quality formulations and personalized solutions<\/strong> across 4 of our business units: Coatings and Construction, Food Ingredients, Life Sciences, and Plastic and Rubber.<br \/>\n<a id=\"SupplyChainSolutions\" name=\"SupplyChainSolutions\"><\/a>[\/vc_column_text][vc_column_text]\n<h3 style=\"text-align: left; color: #00aeef; line-height: 10px; font-size: 18px;\"><em>Whether you need a second supply source, a chemical intermediate, or an alternative technology,<\/em><\/h3>\n<h3 style=\"text-align: right; color: #00aeef; line-height: 10px; font-size: 18px;\"><em>REDA invites you to reach us and\u2026 explore the possibilities.<\/em><\/h3>\n[\/vc_column_text][\/vc_column][\/vc_row][vc_row fullwidth=&#187;yes&#187;][vc_column]<div class=\"shortcode-wrapper shortcode-spacer clearfix\"><div class=\"spacer\" style=\"height:50px;\"><\/div><\/div>[vc_column_text]\n<h2><strong><span style=\"font-size: 35px;\">Supply Chain Solutions<\/span><\/strong>\u00a0 \u00a0<em>50 warehouses &#8212; Immediate product availability<\/em><\/h2>\n[\/vc_column_text][vc_column_text]With more than 50 warehouses across Asia, the Middle East, and Africa, REDA offers unrivaled <strong>material availability<\/strong> and logistical capabilities. With a deep understanding of your industry and your region, we always ensure to <strong>have stock of your key ingredients within your reach<\/strong> for a simpler supply chain.<br \/>\n<a id=\"Sourcing\" name=\"Sourcing\"><\/a><\/p>\n<p>We invest in chemical storage facilities licensed to hold chemical products of various danger class. Each facility is manned by qualified personnel and always under the supervision of a safety officer.[\/vc_column_text][\/vc_column][\/vc_row][vc_row fullwidth=&#187;yes&#187; background_color=&#187;#f2f2f2&#8243;][vc_column]<div class=\"shortcode-wrapper shortcode-spacer clearfix\"><div class=\"spacer\" style=\"height:50px;\"><\/div><\/div>[vc_column_text]\n<h2><strong><span style=\"font-size: 35px;\">Sourcing<\/span><\/strong> <em>&#8212; Your chemical needs fulfilled<\/em><\/h2>\n[\/vc_column_text][vc_column_text]Our sourcing offices <strong>in Europe, China, India, and America<\/strong> work around the clock with manufacturers of specialty materials and ingredients and <strong>scour the market for the perfect chemical for you<\/strong>.<br \/>\n<a id=\"LogisticsAndTransportation\" name=\"LogisticsAndTransportation\"><\/a><\/p>\n<p>With REDA, benefit from the combined experience of many full-time sourcing and purchasing specialists to find new suppliers, develop deep relations with them, and, most importantly, negotiate <strong>the best terms possible.<\/strong>[\/vc_column_text][\/vc_column][\/vc_row][vc_row fullwidth=&#187;yes&#187;][vc_column]<div class=\"shortcode-wrapper shortcode-spacer clearfix\"><div class=\"spacer\" style=\"height:50px;\"><\/div><\/div>[vc_column_text]\n<h2><strong><span style=\"font-size: 35px;\">Logistics &amp; Transportation<\/span><\/strong>\u00a0<em>&#8212; We keep supply chain on the fast lane<\/em><\/h2>\n[\/vc_column_text][vc_column_text]We take proper precautions to ensure your future orders will be <strong>available locally<\/strong> and delivered <strong>on time, every time<\/strong>.<\/p>\n<p>Our global reach combined with local excellence, allows us to meet our clients\u2019 evolving needs and exceed their expectations with timely deliveries, tailored solutions, and <strong>responsive customer service<\/strong>.<br \/>\n<a id=\"QualityAndCompliance\" name=\"QualityAndCompliance\"><\/a><\/p>\n<p>Our team is exceptionally experienced with simplifying complex supply chain challenges with the goal of delivering your orders in the most efficient and optimal method possible.[\/vc_column_text][vc_column_text]\n<h3 style=\"text-align: center; color: #00aeef; line-height: 10px; font-size: 18px;\"><em>You get the quality chemical you need, when you need it.<\/em><\/h3>\n[\/vc_column_text][\/vc_column][\/vc_row][vc_row fullwidth=&#187;yes&#187; background_color=&#187;#f2f2f2&#8243;][vc_column]<div class=\"shortcode-wrapper shortcode-spacer clearfix\"><div class=\"spacer\" style=\"height:50px;\"><\/div><\/div>[vc_column_text]\n<h2><strong><span style=\"font-size: 35px;\">Quality &amp; Compliance<\/span><\/strong>\u00a0<em>&#8212; Trust our work<\/em><\/h2>\n[\/vc_column_text][vc_column_text]Providing high-quality products and services is <strong>our priority<\/strong>, as we are ISO 9001:2015 and SGS (Soci\u00e9t\u00e9 G\u00e9n\u00e9rale de Surveillance) certified.<\/p>\n<p>We also comply with the requirements of Responsible Care\u00ae, the industry standard for HSE.<\/p>\n<p>We firmly believe that adopting <strong>safe practices, conserving the environment<\/strong>, and <strong>implementing healthy working conditions<\/strong> are integral to achieving a profitable yet sustainable workplace.<br \/>\n<a id=\"TechnicalServices\" name=\"TechnicalServices\"><\/a><\/p>\n<p>Our full-time Quality and Safety Engineers regularly update our processes with the highest standards, and each member of our organization is expected to continuously contribute to minimizing accidents by participating in our safety trainings, complying with the REDA HSE Policy, and reporting all potential hazards.[\/vc_column_text][\/vc_column][\/vc_row][vc_row fullwidth=&#187;yes&#187;][vc_column]<div class=\"shortcode-wrapper shortcode-spacer clearfix\"><div class=\"spacer\" style=\"height:50px;\"><\/div><\/div>[vc_column_text]\n<h2><strong><span style=\"font-size: 35px;\">Technical Services<\/span><\/strong>\u00a0<em>&#8212; Your needs, our solutions<\/em><\/h2>\n[\/vc_column_text]<div class=\"shortcode-wrapper shortcode-title clearfix\"><h2 class=\"\">Blending Services<\/h2><\/div>[vc_column_text]<strong>Save on the resources<\/strong> needed for blending operations, <strong>optimize available resources<\/strong> and <strong>avoid costly errors<\/strong> in the production process by choosing us! We are capable of blending and diluting raw materials and key ingredients in a formulation in selected REDA sites.<\/p>\n<p>Extra support in blending can be requested with a team ready to answer all demands, we will strive to go the extra mile and exceed expectations.[\/vc_column_text]<div class=\"shortcode-wrapper shortcode-title clearfix\"><h2 class=\"\">Packaging\/Drumming Services<\/h2><\/div>[vc_column_text]Want to repack bulk containers into the packaging of your choice?<br \/>\n<a id=\"MarketingAndCommunications\" name=\"MarketingAndCommunications\"><\/a><\/p>\n<p>To help customers <strong>minimize transportation costs<\/strong>, REDA offers a full range of repackaging services in accordance with their needs. Our competent packaging teams can safely repack almost all materials into <strong>drums, IBCs, or Jerrycans<\/strong> while following strict procedures to prevent contamination and spillages.[\/vc_column_text][\/vc_column][\/vc_row][vc_row fullwidth=&#187;yes&#187; background_color=&#187;#f2f2f2&#8243;][vc_column]<div class=\"shortcode-wrapper shortcode-spacer clearfix\"><div class=\"spacer\" style=\"height:50px;\"><\/div><\/div>[vc_column_text]\n<h2><strong><span style=\"font-size: 35px;\">Marketing &amp; Communications<\/span><\/strong>\u00a0<em>&#8212; We make ourselves seen and heard<\/em><\/h2>\n[\/vc_column_text][vc_column_text]Many REDA teams often <strong>exhibit at major international events and exhibitions around the globe<\/strong> to promote our product portfolio, technical know-how, and world-class partners. We are skilled in developing deep relationships with clients and suppliers, which in turn helps to enhance our global reputation, which we maintain with care.<\/p>\n<p>To increase our presence in the global market, we invest in an array of marketing channels and strategies to ensure that our products and services reach our target audiences. Our aim is to be the leading specialty chemical and raw material distribution company within our customers\u2019 reach.<\/p>\n<p>Together with our marketing stakeholders and partners, we optimize and streamline our marketing strategies to produce positive business outcomes in the chemical industry.[\/vc_column_text][\/vc_column][\/vc_row]\n<\/div>","protected":false},"excerpt":{"rendered":"<p>[vc_row][vc_column][vc_column_text] Our Services [\/vc_column_text][vc_column_text]Our company offers a range of expert services, including comprehensive supply chain solutions, sourcing capabilities, and logistics. Our team of dedicated professionals has the knowledge, experience, and expertise to help you streamline your operations. Whether you need help managing your inventory, identifying new suppliers, and coordinating logistics, we have the skills, capability, and resources to help you succeed.[\/vc_column_text][\/vc_column][\/vc_row][vc_row fullwidth=&#187;yes&#187; background_color=&#187;#f2f2f2&#8243;][vc_column][vc_column_text] Our People &#8212; Motivated to help grow your business [\/vc_column_text][vc_column_text]Our 750+ experts in 30+ countries are guided [&hellip;]<\/p>\n","protected":false},"author":6,"featured_media":27953,"parent":0,"menu_order":0,"comment_status":"closed","ping_status":"closed","template":"","meta":{"om_disable_all_campaigns":false,"_monsterinsights_skip_tracking":false,"_monsterinsights_sitenote_active":false,"_monsterinsights_sitenote_note":"","_monsterinsights_sitenote_category":0,"footnotes":""},"class_list":["post-27996","page","type-page","status-publish","has-post-thumbnail","hentry"],"aioseo_notices":[],"_links":{"self":[{"href":"https:\/\/redachem.com\/ru\/wp-json\/wp\/v2\/pages\/27996","targetHints":{"allow":["GET"]}}],"collection":[{"href":"https:\/\/redachem.com\/ru\/wp-json\/wp\/v2\/pages"}],"about":[{"href":"https:\/\/redachem.com\/ru\/wp-json\/wp\/v2\/types\/page"}],"author":[{"embeddable":true,"href":"https:\/\/redachem.com\/ru\/wp-json\/wp\/v2\/users\/6"}],"replies":[{"embeddable":true,"href":"https:\/\/redachem.com\/ru\/wp-json\/wp\/v2\/comments?post=27996"}],"version-history":[{"count":1,"href":"https:\/\/redachem.com\/ru\/wp-json\/wp\/v2\/pages\/27996\/revisions"}],"predecessor-version":[{"id":28002,"href":"https:\/\/redachem.com\/ru\/wp-json\/wp\/v2\/pages\/27996\/revisions\/28002"}],"wp:featuredmedia":[{"embeddable":true,"href":"https:\/\/redachem.com\/ru\/wp-json\/wp\/v2\/media\/27953"}],"wp:attachment":[{"href":"https:\/\/redachem.com\/ru\/wp-json\/wp\/v2\/media?parent=27996"}],"curies":[{"name":"wp","href":"https:\/\/api.w.org\/{rel}","templated":true}]}}