{"id":11066,"date":"2011-09-20T14:41:46","date_gmt":"2011-09-20T14:41:46","guid":{"rendered":"https:\/\/redachem.com\/north-africa\/"},"modified":"2024-02-14T12:56:26","modified_gmt":"2024-02-14T12:56:26","slug":"north-africa","status":"publish","type":"page","link":"https:\/\/redachem.com\/ru\/%d1%81%d0%b5%d1%82%d1%8c-network\/north-africa\/","title":{"rendered":"North Africa"},"content":{"rendered":"<div class=\"wpb-content-wrapper\">[vc_row][vc_column]<div class=\"shortcode-wrapper shortcode-title clearfix\"><h1 class=\"\">Offices &amp; Locations &#8212; North Africa Region<\/h1><\/div>[\/vc_column][\/vc_row][vc_row][vc_column][vc_column_text]We manage our business regionally across the Gulf, North Africa, Levant, Sub-Saharan Africa, South Africa, South Asia, Central Asia, South-East Asia, and China. With a growing number of facilities, we operate from 30 sales offices and 25 warehouses &amp; logistics centers strategically located throughout the regions we serve. This means that we can closely monitor the success of all of our endeavors anytime, anywhere.[\/vc_column_text][\/vc_column][\/vc_row][vc_row][vc_column css_animation=&#187;fadeInLeftBig&#187; width=&#187;1\/2&#8243;]<div class=\"shortcode-wrapper shortcode-title clearfix\"><h3 class=\"hb-heading \"><span>EGYPT<\/span><\/h3><\/div><div class=\"shortcode-wrapper shortcode-spacer clearfix\"><div class=\"spacer\"><\/div><\/div><div class=\"shortcode-wrapper shortcode-icon-box clearfix \"><div class=\"content-box top-icon\"><i class=\"icon-map-marker box-icon\"><\/i><div class=\"alignleft\"><h4 class=\"semi-bold\">CAIRO, EGYPT<\/h4>REDACHEM EGYPT Ltd.<br \/>\n6\/7 Sayed Nada St., Taqseem Laselky<br \/>\nNew Maadi, Maadi<br \/>\nP.O. BOX 1074, New Maadi 11742<br \/>\nCairo, Egypt<br \/>\nTel: +202 2753 9316 \/ 2753 9317 \/2754 6507<br \/>\nFax: +202 2754 5613<br \/>\n<a style=\"color: #03f;\" href=\"mailto:management@redachem.com?subject=Website Inquiry&amp;body=Inquiry via redachem.com website.\">management@redachem.com<\/a><\/div><\/div><\/div>[\/vc_column][vc_column css_animation=&#187;fadeInRightBig&#187; width=&#187;1\/2&#8243;]<div class=\"shortcode-wrapper shortcode-title clearfix\"><h3 class=\"hb-heading \"><span>LIBYA<\/span><\/h3><\/div><div class=\"shortcode-wrapper shortcode-spacer clearfix\"><div class=\"spacer\"><\/div><\/div><div class=\"shortcode-wrapper shortcode-icon-box clearfix \"><div class=\"content-box top-icon\"><i class=\"icon-map-marker box-icon\"><\/i><div class=\"alignleft\"><h4 class=\"semi-bold\">TRIPOLI, LIBYA<\/h4>AL-REDA COMPANY for Chemical Materials Ltd.<br \/>\nBldg #66, 2nd Floor, Apartment 3<br \/>\nZawiet Al-Dehmani, Al-Fath street<br \/>\nNext to Al-Mahari Hotel<br \/>\nTripoli, Libya<br \/>\nTel: +218 21 3408740\u00a0| Fax: +218 21 3404096<br \/>\n<a style=\"color: #03f;\" href=\"mailto:management@redachem.com?subject=Website Inquiry&amp;body=Inquiry via redachem.com website.\">management@redachem.com<\/a><\/div><\/div><\/div>[\/vc_column][\/vc_row][vc_row][vc_column]<div class=\"shortcode-wrapper shortcode-spacer clearfix\"><div class=\"spacer\"><\/div><\/div>[\/vc_column][\/vc_row][vc_row][vc_column css_animation=&#187;fadeInLeftBig&#187; width=&#187;1\/2&#8243;]<div class=\"shortcode-wrapper shortcode-title clearfix\"><h3 class=\"hb-heading \"><span>TUNISIA<\/span><\/h3><\/div><div class=\"shortcode-wrapper shortcode-spacer clearfix\"><div class=\"spacer\"><\/div><\/div><div class=\"shortcode-wrapper shortcode-icon-box clearfix \"><div class=\"content-box top-icon\"><i class=\"icon-map-marker box-icon\"><\/i><div class=\"alignleft\"><h4 class=\"semi-bold\">TUNIS, TUNISIA<\/h4>REDACHEM TUNISIA SARL<br \/>\nEspace Tunis BL I Imm F, AP 2-4<br \/>\n1002 MontPlaisir<br \/>\nTunis, Tunisia<br \/>\nTel: +216 71 901 844 \/ +216 71 902 762<br \/>\nFax: +216 71 904 358<br \/>\n<a style=\"color: #03f;\" href=\"mailto:management@redachem.com?subject=Website Inquiry&amp;body=Inquiry via redachem.com website.\">management@redachem.com<\/a><\/div><\/div><\/div>[\/vc_column][vc_column css_animation=&#187;fadeInRightBig&#187; width=&#187;1\/2&#8243;]<div class=\"shortcode-wrapper shortcode-title clearfix\"><h3 class=\"hb-heading \"><span>ALGERIA<\/span><\/h3><\/div><div class=\"shortcode-wrapper shortcode-spacer clearfix\"><div class=\"spacer\"><\/div><\/div><div class=\"shortcode-wrapper shortcode-icon-box clearfix \"><div class=\"content-box top-icon\"><i class=\"icon-map-marker box-icon\"><\/i><div class=\"alignleft\"><h4 class=\"semi-bold\">ALGIERS, ALGERIA<\/h4>ALSOCHEM S.A.R.L.<br \/>\nRoute de Mahelma,<br \/>\n(\u00e0 cot\u00e9 du nouveau Commissariat de Z\u00e9ralda)<br \/>\nDaira de Zeralda, 16001<br \/>\nAlgiers, Algeria<br \/>\nFix\/Fax: +213 44 47 85 02<br \/>\n<a style=\"color: #03f;\" href=\"mailto:management@redachem.com?subject=Website Inquiry&amp;body=Inquiry via redachem.com website.\">management@redachem.com<\/a><\/div><\/div><\/div>[\/vc_column][\/vc_row][vc_row][vc_column]<div class=\"shortcode-wrapper shortcode-spacer clearfix\"><div class=\"spacer\"><\/div><\/div>[\/vc_column][\/vc_row][vc_row][vc_column css_animation=&#187;fadeInUpBig&#187; width=&#187;1\/2&#8243;]<div class=\"shortcode-wrapper shortcode-title clearfix\"><h3 class=\"hb-heading \"><span>MOROCCO<\/span><\/h3><\/div>[\/vc_column][vc_column width=&#187;1\/2&#8243;][\/vc_column][\/vc_row][vc_row][vc_column css_animation=&#187;fadeInUpBig&#187; width=&#187;1\/2&#8243;]<div class=\"shortcode-wrapper shortcode-spacer clearfix\"><div class=\"spacer\"><\/div><\/div><div class=\"shortcode-wrapper shortcode-icon-box clearfix \"><div class=\"content-box top-icon\"><i class=\"icon-map-marker box-icon\"><\/i><div class=\"alignleft\"><h4 class=\"semi-bold\">CASABLANCA, MOROCCO<\/h4>REDACHEM Industries Maghreb SARL<br \/>\n80 bd. Moulay Slimane Angle Rue El Gara,<br \/>\n5th Floor, Office #52, Ain Sebaa<br \/>\nCasablanca, Morocco<br \/>\nTel: +212 662 787 605 | Fax: +212 522 664 769<br \/>\n<a style=\"color: #03f;\" href=\"mailto:management@redachem.com?subject=Website Inquiry&amp;body=Inquiry via redachem.com website.\">management@redachem.com<\/a><\/div><\/div><\/div>[\/vc_column][vc_column css_animation=&#187;fadeInUpBig&#187; width=&#187;1\/2&#8243;]<div class=\"shortcode-wrapper shortcode-spacer clearfix\"><div class=\"spacer\"><\/div><\/div><div class=\"shortcode-wrapper shortcode-icon-box clearfix \"><div class=\"content-box top-icon\"><i class=\"icon-map-marker box-icon\"><\/i><div class=\"alignleft\"><h4 class=\"semi-bold\">TANGER, MOROCCO<\/h4>REDACHEM International Maroc SARL<br \/>\nILOT 14, LOT N\u00b01 BUREAU N\u00b028<br \/>\nTanger ZF 90100<br \/>\nTanger, Morocco<br \/>\nTel:<br \/>\n<a style=\"color: #03f;\" href=\"mailto:management@redachem.com?subject=Website Inquiry&amp;body=Inquiry via redachem.com website.\">management@redachem.com<\/a><\/div><\/div><\/div>[\/vc_column][\/vc_row]\n<\/div>","protected":false},"excerpt":{"rendered":"<p>[vc_row][vc_column][\/vc_column][\/vc_row][vc_row][vc_column][vc_column_text]We manage our business regionally across the Gulf, North Africa, Levant, Sub-Saharan Africa, South Africa, South Asia, Central Asia, South-East Asia, and China. With a growing number of facilities, we operate from 30 sales offices and 25 warehouses &amp; logistics centers strategically located throughout the regions we serve. This means that we can closely monitor the success of all of our endeavors anytime, anywhere.[\/vc_column_text][\/vc_column][\/vc_row][vc_row][vc_column css_animation=&#187;fadeInLeftBig&#187; width=&#187;1\/2&#8243;][\/vc_column][vc_column css_animation=&#187;fadeInRightBig&#187; width=&#187;1\/2&#8243;][\/vc_column][\/vc_row][vc_row][vc_column][\/vc_column][\/vc_row][vc_row][vc_column css_animation=&#187;fadeInLeftBig&#187; width=&#187;1\/2&#8243;][\/vc_column][vc_column css_animation=&#187;fadeInRightBig&#187; width=&#187;1\/2&#8243;][\/vc_column][\/vc_row][vc_row][vc_column][\/vc_column][\/vc_row][vc_row][vc_column css_animation=&#187;fadeInUpBig&#187; width=&#187;1\/2&#8243;][\/vc_column][vc_column width=&#187;1\/2&#8243;][\/vc_column][\/vc_row][vc_row][vc_column css_animation=&#187;fadeInUpBig&#187; width=&#187;1\/2&#8243;][\/vc_column][vc_column css_animation=&#187;fadeInUpBig&#187; width=&#187;1\/2&#8243;][\/vc_column][\/vc_row]<\/p>\n","protected":false},"author":1,"featured_media":27946,"parent":11837,"menu_order":1,"comment_status":"closed","ping_status":"closed","template":"","meta":{"om_disable_all_campaigns":false,"_monsterinsights_skip_tracking":false,"_monsterinsights_sitenote_active":false,"_monsterinsights_sitenote_note":"","_monsterinsights_sitenote_category":0,"footnotes":""},"class_list":["post-11066","page","type-page","status-publish","has-post-thumbnail","hentry"],"aioseo_notices":[],"_links":{"self":[{"href":"https:\/\/redachem.com\/ru\/wp-json\/wp\/v2\/pages\/11066","targetHints":{"allow":["GET"]}}],"collection":[{"href":"https:\/\/redachem.com\/ru\/wp-json\/wp\/v2\/pages"}],"about":[{"href":"https:\/\/redachem.com\/ru\/wp-json\/wp\/v2\/types\/page"}],"author":[{"embeddable":true,"href":"https:\/\/redachem.com\/ru\/wp-json\/wp\/v2\/users\/1"}],"replies":[{"embeddable":true,"href":"https:\/\/redachem.com\/ru\/wp-json\/wp\/v2\/comments?post=11066"}],"version-history":[{"count":9,"href":"https:\/\/redachem.com\/ru\/wp-json\/wp\/v2\/pages\/11066\/revisions"}],"predecessor-version":[{"id":30732,"href":"https:\/\/redachem.com\/ru\/wp-json\/wp\/v2\/pages\/11066\/revisions\/30732"}],"up":[{"embeddable":true,"href":"https:\/\/redachem.com\/ru\/wp-json\/wp\/v2\/pages\/11837"}],"wp:featuredmedia":[{"embeddable":true,"href":"https:\/\/redachem.com\/ru\/wp-json\/wp\/v2\/media\/27946"}],"wp:attachment":[{"href":"https:\/\/redachem.com\/ru\/wp-json\/wp\/v2\/media?parent=11066"}],"curies":[{"name":"wp","href":"https:\/\/api.w.org\/{rel}","templated":true}]}}