{"id":34991,"date":"2025-11-06T16:05:13","date_gmt":"2025-11-06T16:05:13","guid":{"rendered":"https:\/\/redachem.com\/a-propos-de-nous-about-us\/qualite\/"},"modified":"2025-11-06T16:05:13","modified_gmt":"2025-11-06T16:05:13","slug":"qualite","status":"publish","type":"page","link":"https:\/\/redachem.com\/fr\/a-propos-de-nous\/qualite\/","title":{"rendered":"Qualit\u00e9"},"content":{"rendered":"<div class=\"wpb-content-wrapper\">[vc_row][vc_column]<div class=\"shortcode-wrapper shortcode-title clearfix\"><h1 class=\"\">Qualit\u00e9<\/h1><\/div>[\/vc_column][\/vc_row][vc_row][vc_column][vc_column_text css=\u00a0\u00bb\u00a0\u00bb]REDA s\u2019est engag\u00e9e \u00e0 mettre en place un syst\u00e8me de gestion de la qualit\u00e9 qui r\u00e9ponde aux exigences de la norme de qualit\u00e9 ISO 9001: 2015. Nos entreprises sont certifi\u00e9es par SGS (Soci\u00e9t\u00e9 G\u00e9n\u00e9rale de Surveillance) [\/vc_column_text][vc_column_text]\n<h2 style=\"color: #009;\">Sant\u00e9 et environnement<\/h2>\n[\/vc_column_text][vc_column_text css=\u00a0\u00bb\u00a0\u00bb]REDA assure le contr\u00f4le des lots, les fiches de donn\u00e9es de s\u00e9curit\u00e9 (MSDS) et les certificats d\u2019analyse (C of A) des produits que nous vendons. Nos proc\u00e9dures d\u2019intervention d\u2019urgence fournissent un soutien suppl\u00e9mentaire aux clients et \u00e0 la communaut\u00e9. La pr\u00e9cision de nos syst\u00e8mes qualit\u00e9 profite \u00e0 vos exigences de qualit\u00e9, r\u00e9glementaires et ISO.  [\/vc_column_text][vc_column_text css=\u00a0\u00bb\u00a0\u00bb]Nous nous conformons aux exigences de Responsible Care\u00ae, le standard de l\u2019industrie en mati\u00e8re de HSE.[\/vc_column_text][vc_column_text css=\u00a0\u00bb\u00a0\u00bb]<strong>Principes de Responsible Care\u00ae<\/strong>[\/vc_column_text][vc_column_text css=\u00a0\u00bb\u00a0\u00bb]Notre industrie cr\u00e9e des produits et des services qui am\u00e9liorent la vie des personnes partout dans le monde, aujourd\u2019hui et demain. Les avantages de notre industrie s\u2019accompagnent d\u2019engagements durables envers Responsible Care\u00ae dans la gestion des produits chimiques dans le monde entier. Nous ferons des progr\u00e8s continus vers la vision d\u2019absence d\u2019accident, de blessure ou de dommage \u00e0 l\u2019environnement et ferons rapport de nos performances en mati\u00e8re de sant\u00e9, de s\u00e9curit\u00e9 et d\u2019environnement. Nous dirigerons nos entreprises de mani\u00e8re \u00e9thique, dans l\u2019int\u00e9r\u00eat de la soci\u00e9t\u00e9, de l\u2019\u00e9conomie et de l\u2019environnement, tout en adh\u00e9rant aux principes suivants:   [\/vc_column_text][vc_column_text]\n<ul>\n<li>Rechercher et int\u00e9grer les commentaires du public concernant nos produits et nos op\u00e9rations.<\/li>\n<li>Fournir des produits chimiques pouvant \u00eatre fabriqu\u00e9s, transport\u00e9s, utilis\u00e9s et \u00e9limin\u00e9s de mani\u00e8re s\u00fbre.<\/li>\n<li>Faire de la sant\u00e9, la s\u00e9curit\u00e9, l\u2019environnement et la conservation des ressources des consid\u00e9rations critiques pour tous les produits et processus nouveaux et existants.<\/li>\n<li>Fournir des informations sur les risques pour la sant\u00e9 ou l\u2019environnement et prendre des mesures de protection pour les employ\u00e9s, le public et les autres parties prenantes.<\/li>\n<li>Travailler avec les clients, les transporteurs, les fournisseurs, les distributeurs et les entrepreneurs pour favoriser l\u2019utilisation, le transport et l\u2019\u00e9limination des produits chimiques en toute s\u00e9curit\u00e9.<\/li>\n<li>Exploiter nos installations de mani\u00e8re \u00e0 prot\u00e9ger l\u2019environnement ainsi que la sant\u00e9 et la s\u00e9curit\u00e9 de nos employ\u00e9s et du public.<\/li>\n<li>Soutenir l\u2019\u00e9ducation et la recherche sur les effets de nos produits et processus sur la sant\u00e9, la s\u00e9curit\u00e9 et l\u2019environnement.<\/li>\n<li>Travailler avec d\u2019autres pour r\u00e9soudre les probl\u00e8mes associ\u00e9s aux pratiques de manipulation et d\u2019\u00e9limination ant\u00e9rieures.<\/li>\n<li>Diriger l\u2019\u00e9laboration de lois, de r\u00e9glementations et de normes responsables qui prot\u00e8gent la communaut\u00e9, le lieu de travail et l\u2019environnement.<\/li>\n<li>Pratique de Responsible Care\u00ae en encourageant et en aidant les autres \u00e0 adh\u00e9rer \u00e0 ces principes et pratiques.<\/li>\n<\/ul>\n[\/vc_column_text][\/vc_column][\/vc_row][vc_row][vc_column]<div class=\"shortcode-wrapper shortcode-spacer clearfix\"><div class=\"spacer\" style=\"height:20px;\"><\/div><\/div>[\/vc_column][\/vc_row][vc_row][vc_column width=\u00a0\u00bb1\/3&Prime;]<div class=\"shortcode-wrapper shortcode-icon-box clearfix hb-animate-element hb-flip-y\"><div class=\"feature-box aligncenter\"><a href=\"\/our-organization\/\" target=\"_self\" class=\"hb-icon-wrapper\"><i class=\"icon-paste ic-holder-1\"><\/i><\/a><div class=\"feature-box-content\"><h4 class=\"bold\"><a href=\"\/our-organization\/\" target=\"_self\">Organisation<\/a><\/h4><div class=\"hb-small-break\"><\/div><p><img loading=\"lazy\" decoding=\"async\" class=\"aligncenter size-full wp-image-7748\" src=\"https:\/\/redachem.com\/wp-content\/uploads\/2018\/02\/Our-Organization-thumb.jpg\" alt=\"\" width=\"285\" height=\"150\"><\/p><\/div><\/div><\/div>[\/vc_column][vc_column width=\u00a0\u00bb1\/3&Prime;]<div class=\"shortcode-wrapper shortcode-icon-box clearfix hb-animate-element hb-flip-y\"><div class=\"feature-box aligncenter\"><a href=\"\/markets\/\" target=\"_self\" class=\"hb-icon-wrapper\"><i class=\"hb-moon-users ic-holder-1\"><\/i><\/a><div class=\"feature-box-content\"><h4 class=\"bold\"><a href=\"\/markets\/\" target=\"_self\">March\u00e9s que nous servons<\/a><\/h4><div class=\"hb-small-break\"><\/div><p><img loading=\"lazy\" decoding=\"async\" class=\"aligncenter size-full wp-image-7749\" src=\"https:\/\/redachem.com\/wp-content\/uploads\/2018\/02\/Markets-1.jpg\" alt=\"\" width=\"285\" height=\"150\"><\/p><\/div><\/div><\/div>[\/vc_column][vc_column width=\u00a0\u00bb1\/3&Prime;]<div class=\"shortcode-wrapper shortcode-icon-box clearfix hb-animate-element hb-flip-y\"><div class=\"feature-box aligncenter\"><a href=\"\/quality\/\" target=\"_self\" class=\"hb-icon-wrapper\"><i class=\"icon-suitcase ic-holder-1\"><\/i><\/a><div class=\"feature-box-content\"><h4 class=\"bold\"><a href=\"\/quality\/\" target=\"_self\">QHSE<\/a><\/h4><div class=\"hb-small-break\"><\/div><p><img loading=\"lazy\" decoding=\"async\" class=\"aligncenter size-full wp-image-7751\" src=\"https:\/\/redachem.com\/wp-content\/uploads\/2018\/02\/G-_Back-up-2_REDA-Chemicals-Banners_285x150_Girl_petrochmicals.jpg\" alt=\"\" width=\"285\" height=\"150\"><\/p><\/div><\/div><\/div>[\/vc_column][\/vc_row]\n<\/div>","protected":false},"excerpt":{"rendered":"<p>[vc_row][vc_column][\/vc_column][\/vc_row][vc_row][vc_column][vc_column_text css=\u00a0\u00bb\u00a0\u00bb]REDA s\u2019est engag\u00e9e \u00e0 mettre en place un syst\u00e8me de gestion de la qualit\u00e9 qui r\u00e9ponde aux exigences de la norme de qualit\u00e9 ISO 9001: 2015. Nos entreprises sont certifi\u00e9es par SGS (Soci\u00e9t\u00e9 G\u00e9n\u00e9rale de Surveillance) [\/vc_column_text][vc_column_text] Sant\u00e9 et environnement [\/vc_column_text][vc_column_text css=\u00a0\u00bb\u00a0\u00bb]REDA assure le contr\u00f4le des lots, les fiches de donn\u00e9es de s\u00e9curit\u00e9 (MSDS) et les certificats d\u2019analyse (C of A) des produits que nous vendons. Nos proc\u00e9dures d\u2019intervention d\u2019urgence fournissent un soutien suppl\u00e9mentaire aux clients et \u00e0 la [&hellip;]<\/p>\n","protected":false},"author":6,"featured_media":0,"parent":10645,"menu_order":1,"comment_status":"closed","ping_status":"closed","template":"","meta":{"om_disable_all_campaigns":false,"_monsterinsights_skip_tracking":false,"_monsterinsights_sitenote_active":false,"_monsterinsights_sitenote_note":"","_monsterinsights_sitenote_category":0,"footnotes":""},"class_list":["post-34991","page","type-page","status-publish","hentry"],"aioseo_notices":[],"_links":{"self":[{"href":"https:\/\/redachem.com\/fr\/wp-json\/wp\/v2\/pages\/34991","targetHints":{"allow":["GET"]}}],"collection":[{"href":"https:\/\/redachem.com\/fr\/wp-json\/wp\/v2\/pages"}],"about":[{"href":"https:\/\/redachem.com\/fr\/wp-json\/wp\/v2\/types\/page"}],"author":[{"embeddable":true,"href":"https:\/\/redachem.com\/fr\/wp-json\/wp\/v2\/users\/6"}],"replies":[{"embeddable":true,"href":"https:\/\/redachem.com\/fr\/wp-json\/wp\/v2\/comments?post=34991"}],"version-history":[{"count":0,"href":"https:\/\/redachem.com\/fr\/wp-json\/wp\/v2\/pages\/34991\/revisions"}],"up":[{"embeddable":true,"href":"https:\/\/redachem.com\/fr\/wp-json\/wp\/v2\/pages\/10645"}],"wp:attachment":[{"href":"https:\/\/redachem.com\/fr\/wp-json\/wp\/v2\/media?parent=34991"}],"curies":[{"name":"wp","href":"https:\/\/api.w.org\/{rel}","templated":true}]}}