{"id":27357,"date":"2022-10-06T09:50:35","date_gmt":"2022-10-06T09:50:35","guid":{"rendered":"https:\/\/redachem.com\/plastic-rubber-advanced-materials\/"},"modified":"2024-02-16T15:58:12","modified_gmt":"2024-02-16T15:58:12","slug":"plastic-rubber-advanced-materials","status":"publish","type":"page","link":"https:\/\/redachem.com\/fr\/business-units\/plastic-rubber-advanced-materials\/","title":{"rendered":"Plastic, Rubber &#038; Advanced Materials"},"content":{"rendered":"<div class=\"wpb-content-wrapper\">[vc_row][vc_column]<div class=\"shortcode-wrapper shortcode-title clearfix\"><p class=\"hb-text-large \">Plastic, Rubber &amp; Advanced Materials<\/p><\/div>[\/vc_column][\/vc_row][vc_row][vc_column][vc_column_text]Notre \u00e9quipe d&rsquo;experts a d\u00e9velopp\u00e9 une compr\u00e9hension avanc\u00e9e des besoins fonctionnels de nos segments de clients, c&rsquo;est pourquoi nous avons organis\u00e9 notre offre de produits en unit\u00e9s commerciales principales.[\/vc_column_text][\/vc_column][\/vc_row][vc_row][vc_column]<div class=\"shortcode-wrapper shortcode-spacer clearfix\"><div class=\"spacer\" style=\"height:35px;\"><\/div><\/div>[vc_row_inner][vc_column_inner width=\u00a0\u00bb1\/2&Prime;][vc_column_text]Le caoutchouc occupe une part vitale de l&rsquo;activit\u00e9 de REDA Chemicals. Nos professionnels exp\u00e9riment\u00e9s ont prouv\u00e9 leur expertise pendant des ann\u00e9es dans les lignes de produits suivantes :<\/p>\n<ul id=\"u-list\">\n<li id=\"list-item\">Rubber Compounding<\/li>\n<li id=\"list-item\">Masterbatch<\/li>\n<li id=\"list-item\">Plastic Packaging<\/li>\n<li id=\"list-item\">Wire &amp; Cable<\/li>\n<li id=\"list-item\">Composites<\/li>\n<li id=\"list-item\">Pipes &amp; Fittings<\/li>\n<li id=\"list-item\">Textile, Leather &amp; Paper<\/li>\n<li id=\"list-item\">Environment<\/li>\n<\/ul>\n[\/vc_column_text][\/vc_column_inner][vc_column_inner width=\u00a0\u00bb1\/2&Prime;]<div class=\"shortcode-wrapper shortcode-spacer clearfix\"><div class=\"spacer\" style=\"height:15px;\"><\/div><\/div>[vc_column_text]<img loading=\"lazy\" decoding=\"async\" class=\"alignnone size-large wp-image-26864\" src=\"https:\/\/redachem.com\/wp-content\/uploads\/2022\/10\/plastics-min-scaled-1-1024x450.jpg\" alt=\"\" width=\"1024\" height=\"450\" srcset=\"https:\/\/redachem.com\/wp-content\/uploads\/2022\/10\/plastics-min-scaled-1-1024x450.jpg 1024w, https:\/\/redachem.com\/wp-content\/uploads\/2022\/10\/plastics-min-scaled-1-300x132.jpg 300w, https:\/\/redachem.com\/wp-content\/uploads\/2022\/10\/plastics-min-scaled-1-768x338.jpg 768w, https:\/\/redachem.com\/wp-content\/uploads\/2022\/10\/plastics-min-scaled-1-1536x676.jpg 1536w, https:\/\/redachem.com\/wp-content\/uploads\/2022\/10\/plastics-min-scaled-1-2048x901.jpg 2048w\" sizes=\"auto, (max-width: 1024px) 100vw, 1024px\" \/>[\/vc_column_text][\/vc_column_inner][\/vc_row_inner]<div class=\"shortcode-wrapper shortcode-spacer clearfix\"><div class=\"spacer\" style=\"height:35px;\"><\/div><\/div>[\/vc_column][\/vc_row]\n<\/div>","protected":false},"excerpt":{"rendered":"<p>[vc_row][vc_column][\/vc_column][\/vc_row][vc_row][vc_column][vc_column_text]Notre \u00e9quipe d&rsquo;experts a d\u00e9velopp\u00e9 une compr\u00e9hension avanc\u00e9e des besoins fonctionnels de nos segments de clients, c&rsquo;est pourquoi nous avons organis\u00e9 notre offre de produits en unit\u00e9s commerciales principales.[\/vc_column_text][\/vc_column][\/vc_row][vc_row][vc_column][vc_row_inner][vc_column_inner width=\u00a0\u00bb1\/2&Prime;][vc_column_text]Le caoutchouc occupe une part vitale de l&rsquo;activit\u00e9 de REDA Chemicals. Nos professionnels exp\u00e9riment\u00e9s ont prouv\u00e9 leur expertise pendant des ann\u00e9es dans les lignes de produits suivantes : Rubber Compounding Masterbatch Plastic Packaging Wire &amp; Cable Composites Pipes &amp; Fittings Textile, Leather &amp; Paper Environment [\/vc_column_text][\/vc_column_inner][vc_column_inner width=\u00a0\u00bb1\/2&Prime;][vc_column_text][\/vc_column_text][\/vc_column_inner][\/vc_row_inner][\/vc_column][\/vc_row]<\/p>\n","protected":false},"author":6,"featured_media":27058,"parent":27351,"menu_order":0,"comment_status":"closed","ping_status":"closed","template":"","meta":{"om_disable_all_campaigns":false,"_monsterinsights_skip_tracking":false,"_monsterinsights_sitenote_active":false,"_monsterinsights_sitenote_note":"","_monsterinsights_sitenote_category":0,"footnotes":""},"class_list":["post-27357","page","type-page","status-publish","has-post-thumbnail","hentry"],"aioseo_notices":[],"_links":{"self":[{"href":"https:\/\/redachem.com\/fr\/wp-json\/wp\/v2\/pages\/27357","targetHints":{"allow":["GET"]}}],"collection":[{"href":"https:\/\/redachem.com\/fr\/wp-json\/wp\/v2\/pages"}],"about":[{"href":"https:\/\/redachem.com\/fr\/wp-json\/wp\/v2\/types\/page"}],"author":[{"embeddable":true,"href":"https:\/\/redachem.com\/fr\/wp-json\/wp\/v2\/users\/6"}],"replies":[{"embeddable":true,"href":"https:\/\/redachem.com\/fr\/wp-json\/wp\/v2\/comments?post=27357"}],"version-history":[{"count":3,"href":"https:\/\/redachem.com\/fr\/wp-json\/wp\/v2\/pages\/27357\/revisions"}],"predecessor-version":[{"id":30776,"href":"https:\/\/redachem.com\/fr\/wp-json\/wp\/v2\/pages\/27357\/revisions\/30776"}],"up":[{"embeddable":true,"href":"https:\/\/redachem.com\/fr\/wp-json\/wp\/v2\/pages\/27351"}],"wp:featuredmedia":[{"embeddable":true,"href":"https:\/\/redachem.com\/fr\/wp-json\/wp\/v2\/media\/27058"}],"wp:attachment":[{"href":"https:\/\/redachem.com\/fr\/wp-json\/wp\/v2\/media?parent=27357"}],"curies":[{"name":"wp","href":"https:\/\/api.w.org\/{rel}","templated":true}]}}