{"id":27351,"date":"2022-10-04T12:27:37","date_gmt":"2022-10-04T12:27:37","guid":{"rendered":"https:\/\/redachem.com\/business-units\/"},"modified":"2024-02-16T15:52:44","modified_gmt":"2024-02-16T15:52:44","slug":"business-units","status":"publish","type":"page","link":"https:\/\/redachem.com\/fr\/business-units\/","title":{"rendered":"Business Units"},"content":{"rendered":"<div class=\"wpb-content-wrapper\">[vc_row][vc_column]<div class=\"shortcode-wrapper shortcode-title clearfix\"><p class=\"hb-text-large \">Our Business Units<\/p><\/div>[\/vc_column][\/vc_row][vc_row][vc_column][vc_column_text]Notre \u00e9quipe d&rsquo;experts a d\u00e9velopp\u00e9 une compr\u00e9hension avanc\u00e9e des besoins fonctionnels de nos segments de clients, c&rsquo;est pourquoi nous avons organis\u00e9 notre offre de produits en unit\u00e9s commerciales principales.[\/vc_column_text][\/vc_column][\/vc_row][vc_row][vc_column width=\u00a0\u00bb1\/2&Prime;]<div class=\"shortcode-wrapper shortcode-icon-box clearfix hb-animate-element hb-fade-in\"><div class=\"feature-box aligncenter\"><div class=\"feature-box-content\"><h4 class=\"bold\"><a href=\"\/coatings-constructions-inks\/\" target=\"_self\">Coatings, Construction &amp; Inks<\/a><\/h4><div class=\"hb-small-break\"><\/div><p><a href=\"\/coatings-constructions-inks\/\"><img loading=\"lazy\" decoding=\"async\" class=\"alignnone size-large wp-image-26845\" src=\"https:\/\/redachem.com\/wp-content\/uploads\/2022\/10\/coatings-min-scaled-1-1024x450.jpg\" alt=\"\" width=\"1024\" height=\"450\" srcset=\"https:\/\/redachem.com\/wp-content\/uploads\/2022\/10\/coatings-min-scaled-1-1024x450.jpg 1024w, https:\/\/redachem.com\/wp-content\/uploads\/2022\/10\/coatings-min-scaled-1-300x132.jpg 300w, https:\/\/redachem.com\/wp-content\/uploads\/2022\/10\/coatings-min-scaled-1-768x338.jpg 768w, https:\/\/redachem.com\/wp-content\/uploads\/2022\/10\/coatings-min-scaled-1-1536x676.jpg 1536w, https:\/\/redachem.com\/wp-content\/uploads\/2022\/10\/coatings-min-scaled-1-2048x901.jpg 2048w\" sizes=\"auto, (max-width: 1024px) 100vw, 1024px\" \/><\/a><\/p><\/div><\/div><\/div>[\/vc_column][vc_column width=\u00a0\u00bb1\/2&Prime;]<div class=\"shortcode-wrapper shortcode-icon-box clearfix hb-animate-element hb-fade-in\"><div class=\"feature-box aligncenter\"><div class=\"feature-box-content\"><h4 class=\"bold\"><a href=\"\/food-beverage\/\" target=\"_self\">Food &amp; Beverages<\/a><\/h4><div class=\"hb-small-break\"><\/div><p><a href=\"\/food-beverage\/\"><img loading=\"lazy\" decoding=\"async\" class=\"alignnone size-large wp-image-26854\" src=\"https:\/\/redachem.com\/wp-content\/uploads\/2022\/10\/food-min-scaled-1-1024x450.jpg\" alt=\"\" width=\"1024\" height=\"450\" srcset=\"https:\/\/redachem.com\/wp-content\/uploads\/2022\/10\/food-min-scaled-1-1024x450.jpg 1024w, https:\/\/redachem.com\/wp-content\/uploads\/2022\/10\/food-min-scaled-1-300x132.jpg 300w, https:\/\/redachem.com\/wp-content\/uploads\/2022\/10\/food-min-scaled-1-768x338.jpg 768w, https:\/\/redachem.com\/wp-content\/uploads\/2022\/10\/food-min-scaled-1-1536x676.jpg 1536w, https:\/\/redachem.com\/wp-content\/uploads\/2022\/10\/food-min-scaled-1-2048x901.jpg 2048w\" sizes=\"auto, (max-width: 1024px) 100vw, 1024px\" \/><\/a><\/p><\/div><\/div><\/div>[\/vc_column][\/vc_row][vc_row][vc_column]<div class=\"shortcode-wrapper shortcode-spacer clearfix\"><div class=\"spacer\" style=\"height:35px;\"><\/div><\/div>[\/vc_column][\/vc_row][vc_row][vc_column width=\u00a0\u00bb1\/2&Prime;]<div class=\"shortcode-wrapper shortcode-icon-box clearfix hb-animate-element hb-fade-in\"><div class=\"feature-box aligncenter\"><div class=\"feature-box-content\"><h4 class=\"bold\"><a href=\"\/life-sciences\/\" target=\"_self\">Life Sciences<\/a><\/h4><div class=\"hb-small-break\"><\/div><p><a href=\"\/life-sciences\/\"><img loading=\"lazy\" decoding=\"async\" class=\"alignnone size-large wp-image-26875\" src=\"https:\/\/redachem.com\/wp-content\/uploads\/2022\/10\/life-sciences-min-scaled-1-1024x450.jpg\" alt=\"\" width=\"1024\" height=\"450\" srcset=\"https:\/\/redachem.com\/wp-content\/uploads\/2022\/10\/life-sciences-min-scaled-1-1024x450.jpg 1024w, https:\/\/redachem.com\/wp-content\/uploads\/2022\/10\/life-sciences-min-scaled-1-300x132.jpg 300w, https:\/\/redachem.com\/wp-content\/uploads\/2022\/10\/life-sciences-min-scaled-1-768x338.jpg 768w, https:\/\/redachem.com\/wp-content\/uploads\/2022\/10\/life-sciences-min-scaled-1-1536x676.jpg 1536w, https:\/\/redachem.com\/wp-content\/uploads\/2022\/10\/life-sciences-min-scaled-1-2048x901.jpg 2048w\" sizes=\"auto, (max-width: 1024px) 100vw, 1024px\" \/><\/a><\/p><\/div><\/div><\/div>[\/vc_column][vc_column width=\u00a0\u00bb1\/2&Prime;]<div class=\"shortcode-wrapper shortcode-icon-box clearfix hb-animate-element hb-fade-in\"><div class=\"feature-box aligncenter\"><div class=\"feature-box-content\"><h4 class=\"bold\"><a href=\"\/oil-gas-petrochemicals-mining\/\" target=\"_self\">Oil, Gas, Petrochemicals &amp; Mining<\/a><\/h4><div class=\"hb-small-break\"><\/div><p><a href=\"\/oil-gas-petrochemicals-mining\/\"><img loading=\"lazy\" decoding=\"async\" class=\"alignnone size-large wp-image-26870\" src=\"https:\/\/redachem.com\/wp-content\/uploads\/2022\/10\/oil-min-scaled-1-1024x450.jpg\" alt=\"\" width=\"1024\" height=\"450\" srcset=\"https:\/\/redachem.com\/wp-content\/uploads\/2022\/10\/oil-min-scaled-1-1024x450.jpg 1024w, https:\/\/redachem.com\/wp-content\/uploads\/2022\/10\/oil-min-scaled-1-300x132.jpg 300w, https:\/\/redachem.com\/wp-content\/uploads\/2022\/10\/oil-min-scaled-1-768x338.jpg 768w, https:\/\/redachem.com\/wp-content\/uploads\/2022\/10\/oil-min-scaled-1-1536x676.jpg 1536w, https:\/\/redachem.com\/wp-content\/uploads\/2022\/10\/oil-min-scaled-1-2048x901.jpg 2048w\" sizes=\"auto, (max-width: 1024px) 100vw, 1024px\" \/><\/a><\/p><\/div><\/div><\/div>[\/vc_column][\/vc_row][vc_row fullwidth=\u00a0\u00bbyes\u00a0\u00bb][vc_column]<div class=\"shortcode-wrapper shortcode-spacer clearfix\"><div class=\"spacer\" style=\"height:35px;\"><\/div><\/div>[\/vc_column][\/vc_row][vc_row][vc_column width=\u00a0\u00bb1\/4&Prime;][\/vc_column][vc_column width=\u00a0\u00bb1\/2&Prime;]<div class=\"shortcode-wrapper shortcode-icon-box clearfix hb-animate-element hb-fade-in\"><div class=\"feature-box aligncenter\"><div class=\"feature-box-content\"><h4 class=\"bold\"><a href=\"\/plastic-rubber-advanced-materials\/\" target=\"_self\">Plastic, Rubber &amp; Advanced Materials<\/a><\/h4><div class=\"hb-small-break\"><\/div><p><a href=\"\/plastic-rubber-advanced-materials\/\"><img loading=\"lazy\" decoding=\"async\" class=\"alignnone size-large wp-image-26864\" src=\"https:\/\/redachem.com\/wp-content\/uploads\/2022\/10\/plastics-min-scaled-1-1024x450.jpg\" alt=\"\" width=\"1024\" height=\"450\" srcset=\"https:\/\/redachem.com\/wp-content\/uploads\/2022\/10\/plastics-min-scaled-1-1024x450.jpg 1024w, https:\/\/redachem.com\/wp-content\/uploads\/2022\/10\/plastics-min-scaled-1-300x132.jpg 300w, https:\/\/redachem.com\/wp-content\/uploads\/2022\/10\/plastics-min-scaled-1-768x338.jpg 768w, https:\/\/redachem.com\/wp-content\/uploads\/2022\/10\/plastics-min-scaled-1-1536x676.jpg 1536w, https:\/\/redachem.com\/wp-content\/uploads\/2022\/10\/plastics-min-scaled-1-2048x901.jpg 2048w\" sizes=\"auto, (max-width: 1024px) 100vw, 1024px\" \/><\/a><\/p><\/div><\/div><\/div>[\/vc_column][vc_column width=\u00a0\u00bb1\/4&Prime;][\/vc_column][\/vc_row]\n<\/div>","protected":false},"excerpt":{"rendered":"<p>[vc_row][vc_column][\/vc_column][\/vc_row][vc_row][vc_column][vc_column_text]Notre \u00e9quipe d&rsquo;experts a d\u00e9velopp\u00e9 une compr\u00e9hension avanc\u00e9e des besoins fonctionnels de nos segments de clients, c&rsquo;est pourquoi nous avons organis\u00e9 notre offre de produits en unit\u00e9s commerciales principales.[\/vc_column_text][\/vc_column][\/vc_row][vc_row][vc_column width=\u00a0\u00bb1\/2&Prime;][\/vc_column][vc_column width=\u00a0\u00bb1\/2&Prime;][\/vc_column][\/vc_row][vc_row][vc_column][\/vc_column][\/vc_row][vc_row][vc_column width=\u00a0\u00bb1\/2&Prime;][\/vc_column][vc_column width=\u00a0\u00bb1\/2&Prime;][\/vc_column][\/vc_row][vc_row fullwidth=\u00a0\u00bbyes\u00a0\u00bb][vc_column][\/vc_column][\/vc_row][vc_row][vc_column width=\u00a0\u00bb1\/4&Prime;][\/vc_column][vc_column width=\u00a0\u00bb1\/2&Prime;][\/vc_column][vc_column width=\u00a0\u00bb1\/4&Prime;][\/vc_column][\/vc_row]<\/p>\n","protected":false},"author":6,"featured_media":27058,"parent":0,"menu_order":0,"comment_status":"closed","ping_status":"closed","template":"","meta":{"om_disable_all_campaigns":false,"_monsterinsights_skip_tracking":false,"_monsterinsights_sitenote_active":false,"_monsterinsights_sitenote_note":"","_monsterinsights_sitenote_category":0,"footnotes":""},"class_list":["post-27351","page","type-page","status-publish","has-post-thumbnail","hentry"],"aioseo_notices":[],"_links":{"self":[{"href":"https:\/\/redachem.com\/fr\/wp-json\/wp\/v2\/pages\/27351","targetHints":{"allow":["GET"]}}],"collection":[{"href":"https:\/\/redachem.com\/fr\/wp-json\/wp\/v2\/pages"}],"about":[{"href":"https:\/\/redachem.com\/fr\/wp-json\/wp\/v2\/types\/page"}],"author":[{"embeddable":true,"href":"https:\/\/redachem.com\/fr\/wp-json\/wp\/v2\/users\/6"}],"replies":[{"embeddable":true,"href":"https:\/\/redachem.com\/fr\/wp-json\/wp\/v2\/comments?post=27351"}],"version-history":[{"count":2,"href":"https:\/\/redachem.com\/fr\/wp-json\/wp\/v2\/pages\/27351\/revisions"}],"predecessor-version":[{"id":30770,"href":"https:\/\/redachem.com\/fr\/wp-json\/wp\/v2\/pages\/27351\/revisions\/30770"}],"wp:featuredmedia":[{"embeddable":true,"href":"https:\/\/redachem.com\/fr\/wp-json\/wp\/v2\/media\/27058"}],"wp:attachment":[{"href":"https:\/\/redachem.com\/fr\/wp-json\/wp\/v2\/media?parent=27351"}],"curies":[{"name":"wp","href":"https:\/\/api.w.org\/{rel}","templated":true}]}}