{"id":11075,"date":"2011-09-20T14:42:54","date_gmt":"2011-09-20T14:42:54","guid":{"rendered":"https:\/\/redachem.com\/network\/the-gulf-region\/"},"modified":"2024-02-16T14:42:48","modified_gmt":"2024-02-16T14:42:48","slug":"the-gulf-region","status":"publish","type":"page","link":"https:\/\/redachem.com\/fr\/network\/the-gulf-region\/","title":{"rendered":"The Gulf Region"},"content":{"rendered":"<div class=\"wpb-content-wrapper\">[vc_row][vc_column]<div class=\"shortcode-wrapper shortcode-title clearfix\"><h1 class=\"\">Offices &amp; Locations &#8211; Gulf Region<\/h1><\/div>[\/vc_column][\/vc_row][vc_row][vc_column][vc_column_text]Nous g\u00e9rons notre entreprise de mani\u00e8re r\u00e9gionale \u00e0 travers le Golfe, l&rsquo;Afrique du Nord, le Levant, l&rsquo;Afrique subsaharienne, l&rsquo;Afrique du Sud, l&rsquo;Asie du Sud, l&rsquo;Asie centrale, l&rsquo;Asie du Sud-Est et la Chine. Avec un nombre croissant d&rsquo;installations, nous op\u00e9rons \u00e0 partir de 30 bureaux de vente et 25 entrep\u00f4ts et centres logistiques strat\u00e9giquement situ\u00e9s dans les r\u00e9gions que nous desservons. Cela signifie que nous pouvons surveiller de pr\u00e8s le succ\u00e8s de tous nos efforts, \u00e0 tout moment et en tout lieu.[\/vc_column_text][\/vc_column][\/vc_row][vc_row][vc_column]<div class=\"shortcode-wrapper shortcode-title clearfix\"><h3 class=\"hb-heading \"><span>SAUDI ARABIA<\/span><\/h3><\/div>[\/vc_column][\/vc_row][vc_row][vc_column]<div class=\"shortcode-wrapper shortcode-spacer clearfix\"><div class=\"spacer\" style=\"height:25px;\"><\/div><\/div>[\/vc_column][\/vc_row][vc_row][vc_column css_animation=\u00a0\u00bbfadeInLeftBig\u00a0\u00bb width=\u00a0\u00bb1\/2&Prime;]<div class=\"shortcode-wrapper shortcode-icon-box clearfix \"><div class=\"content-box top-icon\"><i class=\"icon-map-marker box-icon\"><\/i><div class=\"alignleft\"><h4 class=\"semi-bold\">AL KHOBAR, SAUDI ARABIA<\/h4>REDACHEM UNITED FOR TRADING Ltd.<br \/>\n9th Floor, Sky Tower (Al Hajry)<br \/>\n7385 King Saud Bin Abdulaziz Rd,<br \/>\nQurtuba Al Khobar 34234, Saudi Arabia<br \/>\nTel.: (+966 13) 887 6340<br \/>\nFax: (+966 13) 887 6260<br \/>\n<a style=\"color: #03f;\" href=\"mailto:management@redachem.com?subject=Website Inquiry&amp;body=Inquiry via redachem.com website.\">management@redachem.com<\/a><\/div><\/div><\/div>[\/vc_column][vc_column css_animation=\u00a0\u00bbfadeInRightBig\u00a0\u00bb width=\u00a0\u00bb1\/2&Prime;]<div class=\"shortcode-wrapper shortcode-icon-box clearfix \"><div class=\"content-box top-icon\"><i class=\"icon-map-marker box-icon\"><\/i><div class=\"alignleft\"><h4 class=\"semi-bold\">RIYADH, SAUDI ARABIA<\/h4>REDACHEM UNITED FOR TRADING Ltd.<br \/>\nGOSI Building 5th Floor \u2013 Olaya Street<br \/>\nP.O. Box 58866 Olaya<br \/>\nRiyadh 11515, Saudi Arabia<br \/>\nTel.: (+966 11) 461 3634 461 3677<br \/>\nFax: (+966 11) 293 3388<br \/>\n<a style=\"color: #03f;\" href=\"mailto:management@redachem.com?subject=Website Inquiry&amp;body=Inquiry via redachem.com website.\">management@redachem.com<\/a><\/div><\/div><\/div>[\/vc_column][\/vc_row][vc_row][vc_column]<div class=\"shortcode-wrapper shortcode-spacer clearfix\"><div class=\"spacer\" style=\"height:25px;\"><\/div><\/div>[\/vc_column][\/vc_row][vc_row][vc_column css_animation=\u00a0\u00bbfadeInLeftBig\u00a0\u00bb width=\u00a0\u00bb1\/2&Prime;]<div class=\"shortcode-wrapper shortcode-icon-box clearfix \"><div class=\"content-box top-icon\"><i class=\"icon-map-marker box-icon\"><\/i><div class=\"alignleft\"><h4 class=\"semi-bold\">JEDDAH, SAUDI ARABIA<\/h4>REDACHEM UNITED FOR TRADING Ltd.<br \/>\nOffice 309, Jameel Square<br \/>\n2091 Prince Mohammed Bin Abdulaziz St.<br \/>\nAl Andalus, Jeddah 23326<br \/>\nKingdom of Saudi Arabia<br \/>\nTel.: (+966 12) 677 8692<br \/>\n<a style=\"color: #03f;\" href=\"mailto:management@redachem.com?subject=Website Inquiry&amp;body=Inquiry via redachem.com website.\">management@redachem.com<\/a><\/div><\/div><\/div>[\/vc_column][vc_column css_animation=\u00a0\u00bbfadeInRightBig\u00a0\u00bb width=\u00a0\u00bb1\/2&Prime;]<div class=\"shortcode-wrapper shortcode-icon-box clearfix \"><div class=\"content-box top-icon\"><i class=\"icon-map-marker box-icon\"><\/i><div class=\"alignleft\"><h4 class=\"semi-bold\">YANBU, SAUDI ARABIA<\/h4>REDACHEM UNITED FOR TRADING Ltd.<br \/>\nAl-Namiah Building<br \/>\nNear NCB Bank<br \/>\nRadwa \u2013 8 Royal Commission<br \/>\nYanbu 41315, Saudi Arabia<br \/>\nTel.: (+966 14) 392 1040 | Fax: (+966 14) 392 0556<br \/>\n<a style=\"color: #03f;\" href=\"mailto:management@redachem.com?subject=Website Inquiry&amp;body=Inquiry via redachem.com website.\">management@redachem.com<\/a><\/div><\/div><\/div>[\/vc_column][\/vc_row][vc_row][vc_column]<div class=\"shortcode-wrapper shortcode-spacer clearfix\"><div class=\"spacer\" style=\"height:25px;\"><\/div><\/div>[\/vc_column][\/vc_row][vc_row][vc_column css_animation=\u00a0\u00bbfadeInLeftBig\u00a0\u00bb width=\u00a0\u00bb1\/2&Prime;]<div class=\"shortcode-wrapper shortcode-icon-box clearfix \"><div class=\"content-box top-icon\"><i class=\"icon-map-marker box-icon\"><\/i><div class=\"alignleft\"><h4 class=\"semi-bold\">JUBAIL, SAUDI ARABIA<\/h4>REDACHEM UNITED FOR TRADING Ltd.<br \/>\nRoyal Commission , Support Industries, Section 3<br \/>\nOpposite SFTC \u2013 (Sabic Fire Training Center)<br \/>\nAl-Jubail, Saudi Arabia<br \/>\nTel: +966 13-340-4995 | Fax: +966 13-340-4996<br \/>\n<a style=\"color: #03f;\" href=\"mailto:management@redachem.com?subject=Website Inquiry&amp;body=Inquiry via redachem.com website.\">management@redachem.com<\/a><\/div><\/div><\/div>[\/vc_column][vc_column width=\u00a0\u00bb1\/2&Prime;][\/vc_column][\/vc_row][vc_row][vc_column]<div class=\"shortcode-wrapper shortcode-spacer clearfix\"><div class=\"spacer\" style=\"height:25px;\"><\/div><\/div>[\/vc_column][\/vc_row][vc_row][vc_column]<div class=\"shortcode-wrapper shortcode-title clearfix\"><h3 class=\"hb-heading \"><span>UNITED ARAB EMIRATES<\/span><\/h3><\/div>[\/vc_column][\/vc_row][vc_row][vc_column]<div class=\"shortcode-wrapper shortcode-spacer clearfix\"><div class=\"spacer\" style=\"height:25px;\"><\/div><\/div>[\/vc_column][\/vc_row][vc_row][vc_column css_animation=\u00a0\u00bbfadeInLeftBig\u00a0\u00bb width=\u00a0\u00bb1\/2&Prime;]<div class=\"shortcode-wrapper shortcode-icon-box clearfix \"><div class=\"content-box top-icon\"><i class=\"icon-map-marker box-icon\"><\/i><div class=\"alignleft\"><h4 class=\"semi-bold\">DUBAI, UNITED ARAB EMIRATES<\/h4>REDA INDUSTRIAL MATERIALS LLC<br \/>\nSuite 901, Millennium Executive Tower<br \/>\nSheikh Zayed Road<br \/>\nP.O. Box 15004<br \/>\nDubai, United Arab Emirates<br \/>\nTel.: (+971 4) 332 5100 | Fax: (+971 4) 332 5200<br \/>\n<a style=\"color: #03f;\" href=\"mailto:management@redachem.com?subject=Website Inquiry&amp;body=Inquiry via redachem.com website.\">management@redachem.com<\/a><\/div><\/div><\/div>[\/vc_column][vc_column css_animation=\u00a0\u00bbfadeInRightBig\u00a0\u00bb width=\u00a0\u00bb1\/2&Prime;]<div class=\"shortcode-wrapper shortcode-icon-box clearfix \"><div class=\"content-box top-icon\"><i class=\"icon-map-marker box-icon\"><\/i><div class=\"alignleft\"><h4 class=\"semi-bold\">JEBEL ALI, UNITED ARAB EMIRATES<\/h4>REDA INDUSTRIAL MATERIALS FZE<br \/>\nChemicals Cluster, Plot No. WWA 143<br \/>\nJebel Ali Free Zone<br \/>\nP.O. Box 18177, Jebel Ali (Free Zone)<br \/>\nDubai, United Arab Emirates<br \/>\nTel.: (+971 4) 88 49 100\u00a0| Fax: (+971 4) 88 49 200<br \/>\n<a style=\"color: #03f;\" href=\"mailto:management@redachem.com?subject=Website Inquiry&amp;body=Inquiry via redachem.com website.\">management@redachem.com<\/a><\/div><\/div><\/div>[\/vc_column][\/vc_row][vc_row][vc_column]<div class=\"shortcode-wrapper shortcode-spacer clearfix\"><div class=\"spacer\" style=\"height:25px;\"><\/div><\/div>[\/vc_column][\/vc_row][vc_row][vc_column css_animation=\u00a0\u00bbfadeInLeftBig\u00a0\u00bb width=\u00a0\u00bb1\/2&Prime;]<div class=\"shortcode-wrapper shortcode-icon-box clearfix \"><div class=\"content-box top-icon\"><i class=\"icon-map-marker box-icon\"><\/i><div class=\"alignleft\"><h4 class=\"semi-bold\">ABU DHABI, UNITED ARAB EMIRATES<\/h4>REDA MATERIALS &amp; EQUIPMENT LLC<br \/>\nAir Port Road,P.O. Box 47200<br \/>\nAbu Dhabi, United Arab Emirates<br \/>\nTel.: (+971 2) 633 4830 \u00a0| Fax: (+971 2) 633 4831<br \/>\n<a style=\"color: #03f;\" href=\"mailto:management@redachem.com?subject=Website Inquiry&amp;body=Inquiry via redachem.com website.\">management@redachem.com<\/a><\/div><\/div><\/div>[\/vc_column][vc_column width=\u00a0\u00bb1\/2&Prime;][\/vc_column][\/vc_row][vc_row][vc_column]<div class=\"shortcode-wrapper shortcode-spacer clearfix\"><div class=\"spacer\" style=\"height:25px;\"><\/div><\/div>[\/vc_column][\/vc_row][vc_row][vc_column css_animation=\u00a0\u00bbfadeInLeftBig\u00a0\u00bb width=\u00a0\u00bb1\/2&Prime;]<div class=\"shortcode-wrapper shortcode-title clearfix\"><h3 class=\"hb-heading \"><span>QATAR<\/span><\/h3><\/div>[\/vc_column][vc_column css_animation=\u00a0\u00bbfadeInRightBig\u00a0\u00bb width=\u00a0\u00bb1\/2&Prime;][\/vc_column][\/vc_row][vc_row][vc_column css_animation=\u00a0\u00bbfadeInLeftBig\u00a0\u00bb width=\u00a0\u00bb1\/2&Prime;]<div class=\"shortcode-wrapper shortcode-spacer clearfix\"><div class=\"spacer\" style=\"height:25px;\"><\/div><\/div><div class=\"shortcode-wrapper shortcode-icon-box clearfix \"><div class=\"content-box top-icon\"><i class=\"icon-map-marker box-icon\"><\/i><div class=\"alignleft\"><h4 class=\"semi-bold\">DOHA, QATAR<\/h4>REDA MATERIALS &amp; EQUIPMENT WLL<br \/>\nQatar Tower, Majlis Al Taawon St., West Bay<br \/>\n28th Floor, Office No. 2<br \/>\nPO Box 23376<br \/>\nDoha, Qatar<br \/>\nTel.: (+974) 4460 4654<br \/>\nFax: (+974) 4460 4653<br \/>\n<a style=\"color: #03f;\" href=\"mailto:management@redachem.com?subject=Website Inquiry&amp;body=Inquiry via redachem.com website.\">management@redachem.com<\/a><\/div><\/div><\/div>[\/vc_column][vc_column css_animation=\u00a0\u00bbfadeInRightBig\u00a0\u00bb width=\u00a0\u00bb1\/2&Prime;][\/vc_column][\/vc_row][vc_row][vc_column]<div class=\"shortcode-wrapper shortcode-spacer clearfix\"><div class=\"spacer\" style=\"height:25px;\"><\/div><\/div>[\/vc_column][\/vc_row][vc_row][vc_column css_animation=\u00a0\u00bbfadeInUpBig\u00a0\u00bb width=\u00a0\u00bb1\/2&Prime;]<div class=\"shortcode-wrapper shortcode-title clearfix\"><h3 class=\"hb-heading \"><span>OMAN<\/span><\/h3><\/div><div class=\"shortcode-wrapper shortcode-spacer clearfix\"><div class=\"spacer\" style=\"height:25px;\"><\/div><\/div><div class=\"shortcode-wrapper shortcode-icon-box clearfix \"><div class=\"content-box top-icon\"><i class=\"icon-map-marker box-icon\"><\/i><div class=\"alignleft\"><h4 class=\"semi-bold\">MUSCAT, OMAN<\/h4>REDA MAJAN LLC<br \/>\nPO Box. 211, PC. 101<br \/>\n2nd Floor, Office No.1\/23<br \/>\nBldg. No. 1\/8122, Grand Mosque Road, Ghala<br \/>\nMuscat, Oman<br \/>\nTel.: (+968) 245 04 892<br \/>\nFax: (+968) 245 04 896<br \/>\n<a style=\"color: #03f;\" href=\"mailto:management@redachem.com?subject=Website Inquiry&amp;body=Inquiry via redachem.com website.\">management@redachem.com<\/a><\/div><\/div><\/div>[\/vc_column][vc_column css_animation=\u00a0\u00bbfadeInUpBig\u00a0\u00bb width=\u00a0\u00bb1\/2&Prime;]<div class=\"shortcode-wrapper shortcode-title clearfix\"><h3 class=\"hb-heading \"><span>KUWAIT<\/span><\/h3><\/div><div class=\"shortcode-wrapper shortcode-spacer clearfix\"><div class=\"spacer\" style=\"height:25px;\"><\/div><\/div><div class=\"shortcode-wrapper shortcode-icon-box clearfix \"><div class=\"content-box top-icon\"><i class=\"icon-map-marker box-icon\"><\/i><div class=\"alignleft\"><h4 class=\"semi-bold\">KUWAIT CITY, KUWAIT<\/h4>AL REDA COMPANY For CHEMICAL MATERIALS Ltd.<br \/>\nP.O. Box 22013, Safat 13081 &#8211; Kuwait<br \/>\nShark Area, Block 6, Mubarak AlKabeer St.<br \/>\nMaryam Tower, 10th Floor, Offices 1, 2 &amp; 3<br \/>\nKuwait City, Kuwait<br \/>\nTel.: (+965) 224 23 604 or (+965) 224 69 160<br \/>\nFax: (+965) 224 23 621<br \/>\n<a style=\"color: #03f;\" href=\"mailto:management@redachem.com?subject=Website Inquiry&amp;body=Inquiry via redachem.com website.\">management@redachem.com<\/a><\/div><\/div><\/div>[\/vc_column][\/vc_row]\n<\/div>","protected":false},"excerpt":{"rendered":"<p>[vc_row][vc_column][\/vc_column][\/vc_row][vc_row][vc_column][vc_column_text]Nous g\u00e9rons notre entreprise de mani\u00e8re r\u00e9gionale \u00e0 travers le Golfe, l&rsquo;Afrique du Nord, le Levant, l&rsquo;Afrique subsaharienne, l&rsquo;Afrique du Sud, l&rsquo;Asie du Sud, l&rsquo;Asie centrale, l&rsquo;Asie du Sud-Est et la Chine. Avec un nombre croissant d&rsquo;installations, nous op\u00e9rons \u00e0 partir de 30 bureaux de vente et 25 entrep\u00f4ts et centres logistiques strat\u00e9giquement situ\u00e9s dans les r\u00e9gions que nous desservons. Cela signifie que nous pouvons surveiller de pr\u00e8s le succ\u00e8s de tous nos efforts, \u00e0 tout moment et en tout [&hellip;]<\/p>\n","protected":false},"author":1,"featured_media":27945,"parent":10902,"menu_order":0,"comment_status":"closed","ping_status":"closed","template":"","meta":{"om_disable_all_campaigns":false,"_monsterinsights_skip_tracking":false,"_monsterinsights_sitenote_active":false,"_monsterinsights_sitenote_note":"","_monsterinsights_sitenote_category":0,"footnotes":""},"class_list":["post-11075","page","type-page","status-publish","has-post-thumbnail","hentry"],"aioseo_notices":[],"_links":{"self":[{"href":"https:\/\/redachem.com\/fr\/wp-json\/wp\/v2\/pages\/11075","targetHints":{"allow":["GET"]}}],"collection":[{"href":"https:\/\/redachem.com\/fr\/wp-json\/wp\/v2\/pages"}],"about":[{"href":"https:\/\/redachem.com\/fr\/wp-json\/wp\/v2\/types\/page"}],"author":[{"embeddable":true,"href":"https:\/\/redachem.com\/fr\/wp-json\/wp\/v2\/users\/1"}],"replies":[{"embeddable":true,"href":"https:\/\/redachem.com\/fr\/wp-json\/wp\/v2\/comments?post=11075"}],"version-history":[{"count":14,"href":"https:\/\/redachem.com\/fr\/wp-json\/wp\/v2\/pages\/11075\/revisions"}],"predecessor-version":[{"id":30750,"href":"https:\/\/redachem.com\/fr\/wp-json\/wp\/v2\/pages\/11075\/revisions\/30750"}],"up":[{"embeddable":true,"href":"https:\/\/redachem.com\/fr\/wp-json\/wp\/v2\/pages\/10902"}],"wp:featuredmedia":[{"embeddable":true,"href":"https:\/\/redachem.com\/fr\/wp-json\/wp\/v2\/media\/27945"}],"wp:attachment":[{"href":"https:\/\/redachem.com\/fr\/wp-json\/wp\/v2\/media?parent=11075"}],"curies":[{"name":"wp","href":"https:\/\/api.w.org\/{rel}","templated":true}]}}