{"id":11029,"date":"2012-03-16T14:23:05","date_gmt":"2012-03-16T14:23:05","guid":{"rendered":"https:\/\/redachem.com\/network\/sub-saharan-africa-region\/"},"modified":"2024-02-16T14:44:41","modified_gmt":"2024-02-16T14:44:41","slug":"sub-saharan-africa-region","status":"publish","type":"page","link":"https:\/\/redachem.com\/fr\/network\/sub-saharan-africa-region\/","title":{"rendered":"Sub-Saharan Africa Region"},"content":{"rendered":"<div class=\"wpb-content-wrapper\">[vc_row][vc_column]<div class=\"shortcode-wrapper shortcode-title clearfix\"><h1 class=\"\">Sub-Saharan Africa Region<\/h1><\/div>[\/vc_column][\/vc_row][vc_row][vc_column][vc_column_text]Nous g\u00e9rons notre entreprise de mani\u00e8re r\u00e9gionale \u00e0 travers le Golfe, l&rsquo;Afrique du Nord, le Levant, l&rsquo;Afrique subsaharienne, l&rsquo;Afrique du Sud, l&rsquo;Asie du Sud, l&rsquo;Asie centrale, l&rsquo;Asie du Sud-Est et la Chine. Avec un nombre croissant d&rsquo;installations, nous op\u00e9rons \u00e0 partir de 30 bureaux de vente et 25 entrep\u00f4ts et centres logistiques strat\u00e9giquement situ\u00e9s dans les r\u00e9gions que nous desservons. Cela signifie que nous pouvons surveiller de pr\u00e8s le succ\u00e8s de tous nos efforts, \u00e0 tout moment et en tout lieu.[\/vc_column_text][\/vc_column][\/vc_row][vc_row][vc_column css_animation=\u00a0\u00bbfadeInLeftBig\u00a0\u00bb width=\u00a0\u00bb1\/2&Prime;]<div class=\"shortcode-wrapper shortcode-title clearfix\"><h3 class=\"hb-heading \"><span>NIGERIA<\/span><\/h3><\/div><div class=\"shortcode-wrapper shortcode-spacer clearfix\"><div class=\"spacer\"><\/div><\/div><div class=\"shortcode-wrapper shortcode-icon-box clearfix \"><div class=\"content-box top-icon\"><i class=\"icon-map-marker box-icon\"><\/i><div class=\"alignleft\"><h4 class=\"semi-bold\">LAGOS, NIGERIA<\/h4>REDACHEM INDUSTRY NIGERIA Ltd.<br \/>\nValley View Plaza<br \/>\n2nd Floor, 99 Opebi Road, Ikeja<br \/>\nLagos, Nigeria<br \/>\nTel: +234 807 203 6221<br \/>\n<a style=\"color: #03f;\" href=\"mailto:management@redachem.com?subject=Website Inquiry&amp;body=Inquiry via redachem.com website.\">management@redachem.com<\/a><\/div><\/div><\/div>[\/vc_column][vc_column css_animation=\u00a0\u00bbfadeInRightBig\u00a0\u00bb width=\u00a0\u00bb1\/2&Prime;]<div class=\"shortcode-wrapper shortcode-title clearfix\"><h3 class=\"hb-heading \"><span>KENYA<\/span><\/h3><\/div><div class=\"shortcode-wrapper shortcode-spacer clearfix\"><div class=\"spacer\"><\/div><\/div><div class=\"shortcode-wrapper shortcode-icon-box clearfix \"><div class=\"content-box top-icon\"><i class=\"icon-map-marker box-icon\"><\/i><div class=\"alignleft\"><h4 class=\"semi-bold\">NAIROBI, KENYA<\/h4>REDACHEM EAST AFRICA Ltd.<br \/>\nMitchel Cotts Logistics Center, Off Mombasa Road<br \/>\nP.O. Box 13270-00400<br \/>\nNairobi, Kenya<br \/>\nTel: +254 799 517 089 | +254 20 510 1156<br \/>\n<a style=\"color: #03f;\" href=\"mailto:management@redachem.com?subject=Website Inquiry&amp;body=Inquiry via redachem.com website.\">management@redachem.com<\/a><\/div><\/div><\/div>[\/vc_column][\/vc_row][vc_row][vc_column]<div class=\"shortcode-wrapper shortcode-spacer clearfix\"><div class=\"spacer\"><\/div><\/div>[\/vc_column][\/vc_row][vc_row][vc_column css_animation=\u00a0\u00bbfadeInLeftBig\u00a0\u00bb width=\u00a0\u00bb1\/2&Prime;]<div class=\"shortcode-wrapper shortcode-title clearfix\"><h3 class=\"hb-heading \"><span>C\u00f4TE D&rsquo;IVOIRE<\/span><\/h3><\/div><div class=\"shortcode-wrapper shortcode-spacer clearfix\"><div class=\"spacer\"><\/div><\/div><div class=\"shortcode-wrapper shortcode-icon-box clearfix \"><div class=\"content-box top-icon\"><i class=\"icon-map-marker box-icon\"><\/i><div class=\"alignleft\"><h4 class=\"semi-bold\">ABIDJAN, C\u00f4TE D'IVOIRE<\/h4>REDACHEM AFRIQUE SARL<br \/>\nBoulevard VGE, face SOLIBRA<br \/>\nImmeuble La Balance, 1er \u00e9tage \u00e0 droite, 18 BP 924<br \/>\nAbidjan 18, C\u00f4te d&rsquo;Ivoire<br \/>\nTel: +225 21 37 55 66<br \/>\nFax: +225 21 37 55 66<br \/>\n<a style=\"color: #03f;\" href=\"mailto:management@redachem.com?subject=Website Inquiry&amp;body=Inquiry via redachem.com website.\">management@redachem.com<\/a><\/div><\/div><\/div>[\/vc_column][vc_column css_animation=\u00a0\u00bbfadeInRightBig\u00a0\u00bb width=\u00a0\u00bb1\/2&Prime;]<div class=\"shortcode-wrapper shortcode-title clearfix\"><h3 class=\"hb-heading \"><span>ZAMBIA<\/span><\/h3><\/div><div class=\"shortcode-wrapper shortcode-spacer clearfix\"><div class=\"spacer\"><\/div><\/div><div class=\"shortcode-wrapper shortcode-icon-box clearfix \"><div class=\"content-box top-icon\"><i class=\"icon-map-marker box-icon\"><\/i><div class=\"alignleft\"><h4 class=\"semi-bold\">LUSAKA, ZAMBIA<\/h4>REDACHEM ZAMBIA LTD.<br \/>\nOffice #5-A, 2nd Floor, Aquarius House<br \/>\nPlot 37417, Katima Mulilo Road, Olympia Park<br \/>\nP.O. Box 30990<br \/>\nLusaka, Zambia<br \/>\nTel: +260 96 656 6396<br \/>\n<a style=\"color: #03f;\" href=\"mailto:management@redachem.com?subject=Website Inquiry&amp;body=Inquiry via redachem.com website.\">management@redachem.com<\/a><\/div><\/div><\/div>[\/vc_column][\/vc_row][vc_row][vc_column]<div class=\"shortcode-wrapper shortcode-spacer clearfix\"><div class=\"spacer\"><\/div><\/div>[\/vc_column][\/vc_row][vc_row][vc_column css_animation=\u00a0\u00bbfadeInLeftBig\u00a0\u00bb width=\u00a0\u00bb1\/2&Prime;]<div class=\"shortcode-wrapper shortcode-title clearfix\"><h3 class=\"hb-heading \"><span>TANZANIA<\/span><\/h3><\/div><div class=\"shortcode-wrapper shortcode-spacer clearfix\"><div class=\"spacer\"><\/div><\/div><div class=\"shortcode-wrapper shortcode-icon-box clearfix \"><div class=\"content-box top-icon\"><i class=\"icon-map-marker box-icon\"><\/i><div class=\"alignleft\"><h4 class=\"semi-bold\">DAR ES SALAM, TANZANIA<\/h4>REDACHEM TANZANIA LTD<br \/>\n102, 1st Floor, Elegant House,<br \/>\nPlot No 28A, Kipawa Industrial Area, Nyerere Road,<br \/>\nDar Es Salaam, Tanzania<br \/>\nP.O.BOX 11794<br \/>\nTel: +255 222 861 451<br \/>\n<a style=\"color: #03f;\" href=\"mailto:management@redachem.com?subject=Website Inquiry&amp;body=Inquiry via redachem.com website.\">management@redachem.com<\/a><\/div><\/div><\/div>[\/vc_column][vc_column css_animation=\u00a0\u00bbfadeInRightBig\u00a0\u00bb width=\u00a0\u00bb1\/2&Prime;]<div class=\"shortcode-wrapper shortcode-title clearfix\"><h3 class=\"hb-heading \"><span>GHANA<\/span><\/h3><\/div><div class=\"shortcode-wrapper shortcode-spacer clearfix\"><div class=\"spacer\"><\/div><\/div><div class=\"shortcode-wrapper shortcode-icon-box clearfix \"><div class=\"content-box top-icon\"><i class=\"icon-map-marker box-icon\"><\/i><div class=\"alignleft\"><h4 class=\"semi-bold\">ACCRA, GHANA<\/h4>REDACHEM INDUSTRY GHANA LTD.<br \/>\nC\/009 4Th Floor<br \/>\nCity Galleria Mall<br \/>\nSpintex Road<br \/>\nAccra, Ghana<br \/>\nTel:<br \/>\n<a style=\"color: #03f;\" href=\"mailto:management@redachem.com?subject=Website Inquiry&amp;body=Inquiry via redachem.com website.\">management@redachem.com<\/a><\/div><\/div><\/div>[\/vc_column][\/vc_row][vc_row][vc_column css_animation=\u00a0\u00bbfadeInLeftBig\u00a0\u00bb width=\u00a0\u00bb1\/2&Prime;]<div class=\"shortcode-wrapper shortcode-title clearfix\"><h3 class=\"hb-heading \"><span>SENEGAL<\/span><\/h3><\/div><div class=\"shortcode-wrapper shortcode-spacer clearfix\"><div class=\"spacer\"><\/div><\/div><div class=\"shortcode-wrapper shortcode-icon-box clearfix \"><div class=\"content-box top-icon\"><i class=\"icon-map-marker box-icon\"><\/i><div class=\"alignleft\"><h4 class=\"semi-bold\">DAKAR, SENEGAL<\/h4>REDACHEM SENEGAL, SUARL<br \/>\nAvenue Bourguiba<br \/>\nImmeuble A. FOFANA au 2466<br \/>\nDakar, Senegal<br \/>\nTel. :<br \/>\n<a style=\"color: #03f;\" href=\"mailto:management@redachem.com?subject=Website Inquiry&amp;body=Inquiry via redachem.com website.\">management@redachem.com<\/a><\/div><\/div><\/div>[\/vc_column][vc_column css_animation=\u00a0\u00bbfadeInRightBig\u00a0\u00bb width=\u00a0\u00bb1\/2&Prime;]<div class=\"shortcode-wrapper shortcode-title clearfix\"><h3 class=\"hb-heading \"><span>UGANDA<\/span><\/h3><\/div><div class=\"shortcode-wrapper shortcode-spacer clearfix\"><div class=\"spacer\"><\/div><\/div><div class=\"shortcode-wrapper shortcode-icon-box clearfix \"><div class=\"content-box top-icon\"><i class=\"icon-map-marker box-icon\"><\/i><div class=\"alignleft\"><h4 class=\"semi-bold\">KAMPALA, UGANDA<\/h4>REDA INGREDIENTS SMC UGANDA LTD<br \/>\nP.O. Box 115103<br \/>\nSuite 212, Second Floor, SMS House<br \/>\n7th Street Industrial Area.<br \/>\nKampala, Uganda<br \/>\n<a style=\"color: #03f;\" href=\"mailto:management@redachem.com?subject=Website Inquiry&amp;body=Inquiry via redachem.com website.\">management@redachem.com<\/a><\/div><\/div><\/div>[\/vc_column][\/vc_row]\n<\/div>","protected":false},"excerpt":{"rendered":"<p>[vc_row][vc_column][\/vc_column][\/vc_row][vc_row][vc_column][vc_column_text]Nous g\u00e9rons notre entreprise de mani\u00e8re r\u00e9gionale \u00e0 travers le Golfe, l&rsquo;Afrique du Nord, le Levant, l&rsquo;Afrique subsaharienne, l&rsquo;Afrique du Sud, l&rsquo;Asie du Sud, l&rsquo;Asie centrale, l&rsquo;Asie du Sud-Est et la Chine. Avec un nombre croissant d&rsquo;installations, nous op\u00e9rons \u00e0 partir de 30 bureaux de vente et 25 entrep\u00f4ts et centres logistiques strat\u00e9giquement situ\u00e9s dans les r\u00e9gions que nous desservons. Cela signifie que nous pouvons surveiller de pr\u00e8s le succ\u00e8s de tous nos efforts, \u00e0 tout moment et en tout [&hellip;]<\/p>\n","protected":false},"author":1,"featured_media":27945,"parent":10902,"menu_order":0,"comment_status":"closed","ping_status":"closed","template":"","meta":{"om_disable_all_campaigns":false,"_monsterinsights_skip_tracking":false,"_monsterinsights_sitenote_active":false,"_monsterinsights_sitenote_note":"","_monsterinsights_sitenote_category":0,"footnotes":""},"class_list":["post-11029","page","type-page","status-publish","has-post-thumbnail","hentry"],"aioseo_notices":[],"_links":{"self":[{"href":"https:\/\/redachem.com\/fr\/wp-json\/wp\/v2\/pages\/11029","targetHints":{"allow":["GET"]}}],"collection":[{"href":"https:\/\/redachem.com\/fr\/wp-json\/wp\/v2\/pages"}],"about":[{"href":"https:\/\/redachem.com\/fr\/wp-json\/wp\/v2\/types\/page"}],"author":[{"embeddable":true,"href":"https:\/\/redachem.com\/fr\/wp-json\/wp\/v2\/users\/1"}],"replies":[{"embeddable":true,"href":"https:\/\/redachem.com\/fr\/wp-json\/wp\/v2\/comments?post=11029"}],"version-history":[{"count":12,"href":"https:\/\/redachem.com\/fr\/wp-json\/wp\/v2\/pages\/11029\/revisions"}],"predecessor-version":[{"id":30753,"href":"https:\/\/redachem.com\/fr\/wp-json\/wp\/v2\/pages\/11029\/revisions\/30753"}],"up":[{"embeddable":true,"href":"https:\/\/redachem.com\/fr\/wp-json\/wp\/v2\/pages\/10902"}],"wp:featuredmedia":[{"embeddable":true,"href":"https:\/\/redachem.com\/fr\/wp-json\/wp\/v2\/media\/27945"}],"wp:attachment":[{"href":"https:\/\/redachem.com\/fr\/wp-json\/wp\/v2\/media?parent=11029"}],"curies":[{"name":"wp","href":"https:\/\/api.w.org\/{rel}","templated":true}]}}