{"id":10983,"date":"2012-09-14T16:20:20","date_gmt":"2012-09-14T16:20:20","guid":{"rendered":"https:\/\/redachem.com\/network\/central-asia\/"},"modified":"2024-02-16T15:00:45","modified_gmt":"2024-02-16T15:00:45","slug":"central-asia","status":"publish","type":"page","link":"https:\/\/redachem.com\/fr\/network\/central-asia\/","title":{"rendered":"Central Asia"},"content":{"rendered":"<div class=\"wpb-content-wrapper\">[vc_row][vc_column]<div class=\"shortcode-wrapper shortcode-title clearfix\"><h1 class=\"\">Offices &amp; Locations \u2013 Central Asia Region<\/h1><\/div>[\/vc_column][\/vc_row][vc_row][vc_column][vc_column_text]Nous g\u00e9rons notre entreprise de mani\u00e8re r\u00e9gionale \u00e0 travers le Golfe, l&rsquo;Afrique du Nord, le Levant, l&rsquo;Afrique subsaharienne, l&rsquo;Afrique du Sud, l&rsquo;Asie du Sud, l&rsquo;Asie centrale, l&rsquo;Asie du Sud-Est et la Chine. Avec un nombre croissant d&rsquo;installations, nous op\u00e9rons \u00e0 partir de 30 bureaux de vente et 25 entrep\u00f4ts et centres logistiques strat\u00e9giquement situ\u00e9s dans les r\u00e9gions que nous desservons. Cela signifie que nous pouvons surveiller de pr\u00e8s le succ\u00e8s de tous nos efforts, \u00e0 tout moment et en tout lieu.[\/vc_column_text][\/vc_column][\/vc_row][vc_row][vc_column css_animation=\u00a0\u00bbfadeInRight\u00a0\u00bb width=\u00a0\u00bb1\/2&Prime;]<div class=\"shortcode-wrapper shortcode-title clearfix\"><h3 class=\"hb-heading \"><span>KAZAKHSTAN<\/span><\/h3><\/div>[\/vc_column][vc_column width=\u00a0\u00bb1\/2&Prime;][\/vc_column][\/vc_row][vc_row][vc_column]<div class=\"shortcode-wrapper shortcode-spacer clearfix\"><div class=\"spacer\"><\/div><\/div>[\/vc_column][\/vc_row][vc_row][vc_column css_animation=\u00a0\u00bbfadeInLeftBig\u00a0\u00bb width=\u00a0\u00bb1\/2&Prime;]<div class=\"shortcode-wrapper shortcode-icon-box clearfix \"><div class=\"content-box top-icon\"><i class=\"icon-map-marker box-icon\"><\/i><div class=\"alignleft\"><h4 class=\"semi-bold\">ALMATY, KAZAKHSTAN<\/h4>REDA Materials LLC or TOO \u201c\u0420\u0415\u0414\u0410 \u041c\u0410\u0422\u0415\u0420\u0418\u0410\u041b\u042b<br \/>\nRepublic of Kazakhstan, City Almaty<br \/>\n050000, Gogol street<br \/>\n86 Kazjol Business Center, Office 113<br \/>\nTel: +7 727 258-16-06 | FAX : +7 727 258-16-05<br \/>\n<a style=\"color: #03f;\" href=\"mailto:management@redachem.com?subject=Website Inquiry&amp;body=Inquiry via redachem.com website.\">management@redachem.com<\/a><\/div><\/div><\/div>[\/vc_column][vc_column width=\u00a0\u00bb1\/2&Prime;][\/vc_column][\/vc_row][vc_row][vc_column]<div class=\"shortcode-wrapper shortcode-spacer clearfix\"><div class=\"spacer\"><\/div><\/div>[\/vc_column][\/vc_row][vc_row][vc_column css_animation=\u00a0\u00bbfadeInRight\u00a0\u00bb width=\u00a0\u00bb1\/2&Prime;]<div class=\"shortcode-wrapper shortcode-title clearfix\"><h3 class=\"hb-heading \"><span>UZBEKISTAN<\/span><\/h3><\/div>[\/vc_column][vc_column width=\u00a0\u00bb1\/2&Prime;][\/vc_column][\/vc_row][vc_row][vc_column]<div class=\"shortcode-wrapper shortcode-spacer clearfix\"><div class=\"spacer\"><\/div><\/div>[\/vc_column][\/vc_row][vc_row][vc_column css_animation=\u00a0\u00bbfadeInLeftBig\u00a0\u00bb width=\u00a0\u00bb1\/2&Prime;]<div class=\"shortcode-wrapper shortcode-icon-box clearfix \"><div class=\"content-box top-icon\"><i class=\"icon-map-marker box-icon\"><\/i><div class=\"alignleft\"><h4 class=\"semi-bold\">UZBEKISTAN, CITY TASHKENT<\/h4>INGREDIENTLAR va MATERIALLAR Ta`minoti<br \/>\nBusiness center \u201cUzincomcentr\u201d, 1st floor, office No.G005<br \/>\nA.Temur Str.107A, Yunusabad, Tashkent<br \/>\nRepublic of Uzbekistan, Postal code: 100084<br \/>\nT: +998 71 238 9447 |UZB: +998 33 3456715<\/p>\n<p><a style=\"color: #03f;\" href=\"mailto:management@redachem.com?subject=Website Inquiry&amp;body=Inquiry via redachem.com website.\">management@redachem.com<\/a><\/div><\/div><\/div>[\/vc_column][vc_column width=\u00a0\u00bb1\/2&Prime;][\/vc_column][\/vc_row]\n<\/div>","protected":false},"excerpt":{"rendered":"<p>[vc_row][vc_column][\/vc_column][\/vc_row][vc_row][vc_column][vc_column_text]Nous g\u00e9rons notre entreprise de mani\u00e8re r\u00e9gionale \u00e0 travers le Golfe, l&rsquo;Afrique du Nord, le Levant, l&rsquo;Afrique subsaharienne, l&rsquo;Afrique du Sud, l&rsquo;Asie du Sud, l&rsquo;Asie centrale, l&rsquo;Asie du Sud-Est et la Chine. Avec un nombre croissant d&rsquo;installations, nous op\u00e9rons \u00e0 partir de 30 bureaux de vente et 25 entrep\u00f4ts et centres logistiques strat\u00e9giquement situ\u00e9s dans les r\u00e9gions que nous desservons. Cela signifie que nous pouvons surveiller de pr\u00e8s le succ\u00e8s de tous nos efforts, \u00e0 tout moment et en tout [&hellip;]<\/p>\n","protected":false},"author":1,"featured_media":27945,"parent":10902,"menu_order":0,"comment_status":"closed","ping_status":"closed","template":"","meta":{"om_disable_all_campaigns":false,"_monsterinsights_skip_tracking":false,"_monsterinsights_sitenote_active":false,"_monsterinsights_sitenote_note":"","_monsterinsights_sitenote_category":0,"footnotes":""},"class_list":["post-10983","page","type-page","status-publish","has-post-thumbnail","hentry"],"aioseo_notices":[],"_links":{"self":[{"href":"https:\/\/redachem.com\/fr\/wp-json\/wp\/v2\/pages\/10983","targetHints":{"allow":["GET"]}}],"collection":[{"href":"https:\/\/redachem.com\/fr\/wp-json\/wp\/v2\/pages"}],"about":[{"href":"https:\/\/redachem.com\/fr\/wp-json\/wp\/v2\/types\/page"}],"author":[{"embeddable":true,"href":"https:\/\/redachem.com\/fr\/wp-json\/wp\/v2\/users\/1"}],"replies":[{"embeddable":true,"href":"https:\/\/redachem.com\/fr\/wp-json\/wp\/v2\/comments?post=10983"}],"version-history":[{"count":10,"href":"https:\/\/redachem.com\/fr\/wp-json\/wp\/v2\/pages\/10983\/revisions"}],"predecessor-version":[{"id":30757,"href":"https:\/\/redachem.com\/fr\/wp-json\/wp\/v2\/pages\/10983\/revisions\/30757"}],"up":[{"embeddable":true,"href":"https:\/\/redachem.com\/fr\/wp-json\/wp\/v2\/pages\/10902"}],"wp:featuredmedia":[{"embeddable":true,"href":"https:\/\/redachem.com\/fr\/wp-json\/wp\/v2\/media\/27945"}],"wp:attachment":[{"href":"https:\/\/redachem.com\/fr\/wp-json\/wp\/v2\/media?parent=10983"}],"curies":[{"name":"wp","href":"https:\/\/api.w.org\/{rel}","templated":true}]}}