{"id":10955,"date":"2016-04-26T12:04:25","date_gmt":"2016-04-26T12:04:25","guid":{"rendered":"https:\/\/redachem.com\/network\/china\/"},"modified":"2024-02-16T15:04:15","modified_gmt":"2024-02-16T15:04:15","slug":"china","status":"publish","type":"page","link":"https:\/\/redachem.com\/fr\/network\/china\/","title":{"rendered":"China"},"content":{"rendered":"<div class=\"wpb-content-wrapper\">[vc_row][vc_column]<div class=\"shortcode-wrapper shortcode-title clearfix\"><p class=\"hb-text-large \">Offices &amp; Locations &#8211; China<\/p><\/div>[\/vc_column][\/vc_row][vc_row][vc_column][vc_column_text]Nous g\u00e9rons notre entreprise de mani\u00e8re r\u00e9gionale \u00e0 travers le Golfe, l&rsquo;Afrique du Nord, le Levant, l&rsquo;Afrique subsaharienne, l&rsquo;Afrique du Sud, l&rsquo;Asie du Sud, l&rsquo;Asie centrale, l&rsquo;Asie du Sud-Est et la Chine. Avec un nombre croissant d&rsquo;installations, nous op\u00e9rons \u00e0 partir de 30 bureaux de vente et 25 entrep\u00f4ts et centres logistiques strat\u00e9giquement situ\u00e9s dans les r\u00e9gions que nous desservons. Cela signifie que nous pouvons surveiller de pr\u00e8s le succ\u00e8s de tous nos efforts, \u00e0 tout moment et en tout lieu.[\/vc_column_text][\/vc_column][\/vc_row][vc_row][vc_column]<div class=\"shortcode-wrapper shortcode-title clearfix\"><h3 class=\"hb-heading \"><span>CHINA<\/span><\/h3><\/div>[\/vc_column][\/vc_row][vc_row][vc_column]<div class=\"shortcode-wrapper shortcode-spacer clearfix\"><div class=\"spacer\" style=\"height:25px;\"><\/div><\/div>[\/vc_column][\/vc_row][vc_row][vc_column css_animation=\u00a0\u00bbfadeInLeftBig\u00a0\u00bb width=\u00a0\u00bb1\/2&Prime;]<div class=\"shortcode-wrapper shortcode-icon-box clearfix \"><div class=\"content-box top-icon\"><i class=\"icon-map-marker box-icon\"><\/i><div class=\"alignleft\"><h4 class=\"semi-bold\">SHANGHAI, CHINA<\/h4>REDACHEM SHANGHAI CHEMICALS CO., LTD<br \/>\nUnit F1, 7th Floor, 1800 West Zhongshan Road<br \/>\nShanghai, China<br \/>\nTel.: +86 21 6440 0607<br \/>\nFax: +86 21 6440 0800<br \/>\n<a style=\"color: #03f;\" href=\"mailto:management@redachem.com?subject=Website Inquiry&amp;body=Inquiry via redachem.com website.\">management@redachem.com<\/a><\/div><\/div><\/div>[\/vc_column][vc_column css_animation=\u00a0\u00bbfadeInRightBig\u00a0\u00bb width=\u00a0\u00bb1\/2&Prime;]<div class=\"shortcode-wrapper shortcode-icon-box clearfix \"><div class=\"content-box top-icon\"><i class=\"icon-map-marker box-icon\"><\/i><div class=\"alignleft\"><h4 class=\"semi-bold\">GUANGZHOU, CHINA<\/h4>REDACHEM SHANGHAI CHEMICALS CO., LTD<br \/>\nRoom 1437, 14\/F, Tower A, China International Centre<br \/>\nNo.33, Zhongshan San Road, Yuexiu District<br \/>\nGuangzhou, China<br \/>\nTel.: +86 20 8114 8317| Fax: +86 20 8114 8377<br \/>\n<a style=\"color: #03f;\" href=\"mailto:management@redachem.com?subject=Website Inquiry&amp;body=Inquiry via redachem.com website.\">management@redachem.com<\/a><\/div><\/div><\/div>[\/vc_column][\/vc_row][vc_row][vc_column]<div class=\"shortcode-wrapper shortcode-spacer clearfix\"><div class=\"spacer\" style=\"height:25px;\"><\/div><\/div>[\/vc_column][\/vc_row][vc_row][vc_column css_animation=\u00a0\u00bbfadeInLeftBig\u00a0\u00bb width=\u00a0\u00bb1\/2&Prime;]<div class=\"shortcode-wrapper shortcode-icon-box clearfix \"><div class=\"content-box top-icon\"><i class=\"icon-map-marker box-icon\"><\/i><div class=\"alignleft\"><h4 class=\"semi-bold\">CHENGDU, CHINA<\/h4>REDACHEM SHANGHAI CHEMICALS CO., LTD<br \/>\nRoom 3201, 32\/F, China Resources Building<br \/>\nNo. 10 Shuangqing Road, Chenghua District<br \/>\nChengdu, China<br \/>\nTel.: +86 28 62877503 | Fax: +86 28 62877577<br \/>\n<a style=\"color: #03f;\" href=\"mailto:management@redachem.com?subject=Website Inquiry&amp;body=Inquiry via redachem.com website.\">management@redachem.com<\/a><\/div><\/div><\/div>[\/vc_column][vc_column css_animation=\u00a0\u00bbfadeInRightBig\u00a0\u00bb width=\u00a0\u00bb1\/2&Prime;]<div class=\"shortcode-wrapper shortcode-icon-box clearfix \"><div class=\"content-box top-icon\"><i class=\"icon-map-marker box-icon\"><\/i><div class=\"alignleft\"><h4 class=\"semi-bold\">BEIJING, CHINA<\/h4>REDACHEM SHANGHAI CHEMICALS CO., LTD<br \/>\n4F, Building 19,<br \/>\nYard 1 Disheng North Street<br \/>\nBeijing BDA, 100176, Beijing<br \/>\nChina<br \/>\n<a style=\"color: #03f;\" href=\"mailto:management@redachem.com?subject=Website Inquiry&amp;body=Inquiry via redachem.com website.\">management@redachem.com<\/a><\/div><\/div><\/div>[\/vc_column][\/vc_row]\n<\/div>","protected":false},"excerpt":{"rendered":"<p>[vc_row][vc_column][\/vc_column][\/vc_row][vc_row][vc_column][vc_column_text]Nous g\u00e9rons notre entreprise de mani\u00e8re r\u00e9gionale \u00e0 travers le Golfe, l&rsquo;Afrique du Nord, le Levant, l&rsquo;Afrique subsaharienne, l&rsquo;Afrique du Sud, l&rsquo;Asie du Sud, l&rsquo;Asie centrale, l&rsquo;Asie du Sud-Est et la Chine. Avec un nombre croissant d&rsquo;installations, nous op\u00e9rons \u00e0 partir de 30 bureaux de vente et 25 entrep\u00f4ts et centres logistiques strat\u00e9giquement situ\u00e9s dans les r\u00e9gions que nous desservons. Cela signifie que nous pouvons surveiller de pr\u00e8s le succ\u00e8s de tous nos efforts, \u00e0 tout moment et en tout [&hellip;]<\/p>\n","protected":false},"author":1,"featured_media":27945,"parent":10902,"menu_order":0,"comment_status":"closed","ping_status":"closed","template":"","meta":{"om_disable_all_campaigns":false,"_monsterinsights_skip_tracking":false,"_monsterinsights_sitenote_active":false,"_monsterinsights_sitenote_note":"","_monsterinsights_sitenote_category":0,"footnotes":""},"class_list":["post-10955","page","type-page","status-publish","has-post-thumbnail","hentry"],"aioseo_notices":[],"_links":{"self":[{"href":"https:\/\/redachem.com\/fr\/wp-json\/wp\/v2\/pages\/10955","targetHints":{"allow":["GET"]}}],"collection":[{"href":"https:\/\/redachem.com\/fr\/wp-json\/wp\/v2\/pages"}],"about":[{"href":"https:\/\/redachem.com\/fr\/wp-json\/wp\/v2\/types\/page"}],"author":[{"embeddable":true,"href":"https:\/\/redachem.com\/fr\/wp-json\/wp\/v2\/users\/1"}],"replies":[{"embeddable":true,"href":"https:\/\/redachem.com\/fr\/wp-json\/wp\/v2\/comments?post=10955"}],"version-history":[{"count":16,"href":"https:\/\/redachem.com\/fr\/wp-json\/wp\/v2\/pages\/10955\/revisions"}],"predecessor-version":[{"id":30760,"href":"https:\/\/redachem.com\/fr\/wp-json\/wp\/v2\/pages\/10955\/revisions\/30760"}],"up":[{"embeddable":true,"href":"https:\/\/redachem.com\/fr\/wp-json\/wp\/v2\/pages\/10902"}],"wp:featuredmedia":[{"embeddable":true,"href":"https:\/\/redachem.com\/fr\/wp-json\/wp\/v2\/media\/27945"}],"wp:attachment":[{"href":"https:\/\/redachem.com\/fr\/wp-json\/wp\/v2\/media?parent=10955"}],"curies":[{"name":"wp","href":"https:\/\/api.w.org\/{rel}","templated":true}]}}