{"id":10940,"date":"2020-06-02T11:33:58","date_gmt":"2020-06-02T11:33:58","guid":{"rendered":"https:\/\/redachem.com\/network\/canada\/"},"modified":"2025-12-03T16:38:49","modified_gmt":"2025-12-03T16:38:49","slug":"canada","status":"publish","type":"page","link":"https:\/\/redachem.com\/fr\/network\/canada\/","title":{"rendered":"Canada"},"content":{"rendered":"<div class=\"wpb-content-wrapper\">[vc_row][vc_column]<div class=\"shortcode-wrapper shortcode-title clearfix\"><h1 class=\"\">Offices &amp; Locations &#8211; Canada<\/h1><\/div>[\/vc_column][\/vc_row][vc_row][vc_column][vc_column_text]Nous g\u00e9rons notre entreprise de mani\u00e8re r\u00e9gionale \u00e0 travers le Golfe, l&rsquo;Afrique du Nord, le Levant, l&rsquo;Afrique subsaharienne, l&rsquo;Afrique du Sud, l&rsquo;Asie du Sud, l&rsquo;Asie centrale, l&rsquo;Asie du Sud-Est et la Chine. Avec un nombre croissant d&rsquo;installations, nous op\u00e9rons \u00e0 partir de 30 bureaux de vente et 25 entrep\u00f4ts et centres logistiques strat\u00e9giquement situ\u00e9s dans les r\u00e9gions que nous desservons. Cela signifie que nous pouvons surveiller de pr\u00e8s le succ\u00e8s de tous nos efforts, \u00e0 tout moment et en tout lieu.[\/vc_column_text][\/vc_column][\/vc_row][vc_row][vc_column width=\u00a0\u00bb1\/2&Prime;]<div class=\"shortcode-wrapper shortcode-title clearfix\"><h3 class=\"hb-heading \"><span>Canada<\/span><\/h3><\/div>[\/vc_column][vc_column width=\u00a0\u00bb1\/2&Prime;][\/vc_column][\/vc_row][vc_row][vc_column]<div class=\"shortcode-wrapper shortcode-spacer clearfix\"><div class=\"spacer\"><\/div><\/div>[\/vc_column][\/vc_row][vc_row][vc_column css_animation=\u00a0\u00bbfadeInLeftBig\u00a0\u00bb width=\u00a0\u00bb1\/2&Prime;]<div class=\"shortcode-wrapper shortcode-icon-box clearfix \"><div class=\"content-box top-icon\"><i class=\"icon-map-marker box-icon\"><\/i><div class=\"alignleft\"><h4 class=\"semi-bold\">ALBERTA, CANADA<\/h4>REDA CANADA LTD.<br \/>\nUnit #1, 7725 &#8211; 46th St. SE,<br \/>\nCalgary, Alberta T2C 2Y5<br \/>\nCanada<br \/>\nTel: +1 403 717 1864 | Fax: +1 403 717 1267<br \/>\n<a style=\"color: #03f;\" href=\"mailto:management@redachem.com?subject=Website Inquiry&amp;body=Inquiry via redachem.com website.\">management@redachem.com<\/a><\/div><\/div><\/div>[\/vc_column][vc_column width=\u00a0\u00bb1\/2&Prime;][\/vc_column][\/vc_row][vc_row][vc_column]<div class=\"shortcode-wrapper shortcode-spacer clearfix\"><div class=\"spacer\"><\/div><\/div>[\/vc_column][\/vc_row][vc_row][vc_column css_animation=\u00a0\u00bbfadeInLeftBig\u00a0\u00bb width=\u00a0\u00bb1\/2&Prime;]<div class=\"shortcode-wrapper shortcode-icon-box clearfix \"><div class=\"content-box top-icon\"><i class=\"icon-map-marker box-icon\"><\/i><div class=\"alignleft\"><h4 class=\"semi-bold\">GRANDE PRAIRIE, CANADA<\/h4>REDA CANADA LTD.<br \/>\n8602-115 Street<br \/>\nGrand Prairie, Alberta T8V 2P5<br \/>\nCanada<br \/>\nTel: +1 780 832 6448<br \/>\n<a style=\"color: #03f;\" href=\"mailto:management@redachem.com?subject=Website Inquiry&amp;body=Inquiry via redachem.com website.\">management@redachem.com<\/a><\/div><\/div><\/div>[\/vc_column][vc_column width=\u00a0\u00bb1\/2&Prime;][\/vc_column][\/vc_row]\n<\/div>","protected":false},"excerpt":{"rendered":"<p>[vc_row][vc_column][\/vc_column][\/vc_row][vc_row][vc_column][vc_column_text]Nous g\u00e9rons notre entreprise de mani\u00e8re r\u00e9gionale \u00e0 travers le Golfe, l&rsquo;Afrique du Nord, le Levant, l&rsquo;Afrique subsaharienne, l&rsquo;Afrique du Sud, l&rsquo;Asie du Sud, l&rsquo;Asie centrale, l&rsquo;Asie du Sud-Est et la Chine. Avec un nombre croissant d&rsquo;installations, nous op\u00e9rons \u00e0 partir de 30 bureaux de vente et 25 entrep\u00f4ts et centres logistiques strat\u00e9giquement situ\u00e9s dans les r\u00e9gions que nous desservons. Cela signifie que nous pouvons surveiller de pr\u00e8s le succ\u00e8s de tous nos efforts, \u00e0 tout moment et en tout [&hellip;]<\/p>\n","protected":false},"author":1,"featured_media":27945,"parent":10902,"menu_order":0,"comment_status":"closed","ping_status":"closed","template":"","meta":{"om_disable_all_campaigns":false,"_monsterinsights_skip_tracking":false,"_monsterinsights_sitenote_active":false,"_monsterinsights_sitenote_note":"","_monsterinsights_sitenote_category":0,"footnotes":""},"class_list":["post-10940","page","type-page","status-publish","has-post-thumbnail","hentry"],"aioseo_notices":[],"_links":{"self":[{"href":"https:\/\/redachem.com\/fr\/wp-json\/wp\/v2\/pages\/10940","targetHints":{"allow":["GET"]}}],"collection":[{"href":"https:\/\/redachem.com\/fr\/wp-json\/wp\/v2\/pages"}],"about":[{"href":"https:\/\/redachem.com\/fr\/wp-json\/wp\/v2\/types\/page"}],"author":[{"embeddable":true,"href":"https:\/\/redachem.com\/fr\/wp-json\/wp\/v2\/users\/1"}],"replies":[{"embeddable":true,"href":"https:\/\/redachem.com\/fr\/wp-json\/wp\/v2\/comments?post=10940"}],"version-history":[{"count":9,"href":"https:\/\/redachem.com\/fr\/wp-json\/wp\/v2\/pages\/10940\/revisions"}],"predecessor-version":[{"id":30761,"href":"https:\/\/redachem.com\/fr\/wp-json\/wp\/v2\/pages\/10940\/revisions\/30761"}],"up":[{"embeddable":true,"href":"https:\/\/redachem.com\/fr\/wp-json\/wp\/v2\/pages\/10902"}],"wp:featuredmedia":[{"embeddable":true,"href":"https:\/\/redachem.com\/fr\/wp-json\/wp\/v2\/media\/27945"}],"wp:attachment":[{"href":"https:\/\/redachem.com\/fr\/wp-json\/wp\/v2\/media?parent=10940"}],"curies":[{"name":"wp","href":"https:\/\/api.w.org\/{rel}","templated":true}]}}