{"id":10914,"date":"2011-03-09T15:10:51","date_gmt":"2011-03-09T15:10:51","guid":{"rendered":"https:\/\/redachem.com\/careers\/"},"modified":"2022-12-02T16:20:35","modified_gmt":"2022-12-02T16:20:35","slug":"careers","status":"publish","type":"page","link":"https:\/\/redachem.com\/fr\/careers\/","title":{"rendered":"Carri\u00e8res"},"content":{"rendered":"<div class=\"wpb-content-wrapper\">[vc_row][vc_column][vc_column_text]<img loading=\"lazy\" decoding=\"async\" class=\"aligncenter size-full wp-image-10917\" src=\"https:\/\/redachem.com\/wp-content\/uploads\/2018\/02\/Careers.jpg\" alt=\"\" width=\"905\" height=\"300\" srcset=\"https:\/\/redachem.com\/wp-content\/uploads\/2018\/02\/Careers.jpg 905w, https:\/\/redachem.com\/wp-content\/uploads\/2018\/02\/Careers-300x99.jpg 300w, https:\/\/redachem.com\/wp-content\/uploads\/2018\/02\/Careers-768x255.jpg 768w\" sizes=\"auto, (max-width: 905px) 100vw, 905px\" \/>[\/vc_column_text][\/vc_column][\/vc_row][vc_row][vc_column][vc_column_text]\n<h2 style=\"color: #009;\">Carri\u00e8res<\/h2>\n[\/vc_column_text][\/vc_column][\/vc_row][vc_row][vc_column][vc_column_text]Nous sommes toujours \u00e0 la recherche de professionnels talentueux pour rejoindre notre \u00e9quipe en pleine croissance. Si vous \u00eates engag\u00e9, ambitieux et recherchez une carri\u00e8re \u00e0 long terme, envoyez votre CV en toute confidentialit\u00e9 \u00e0 <a style=\"color: #03f;\" title=\"HR\" href=\"mailto:careers@redachem.com\">careers@redachem.com<\/a>.<\/p>\n<p>Nous avons des offres d\u2019emploi \u00e0 tous les niveaux et dans diverses disciplines. N\u2019h\u00e9sitez pas \u00e0 nous contacter![\/vc_column_text][\/vc_column][\/vc_row]\n<\/div>","protected":false},"excerpt":{"rendered":"<p>[vc_row][vc_column][vc_column_text][\/vc_column_text][\/vc_column][\/vc_row][vc_row][vc_column][vc_column_text] Carri\u00e8res [\/vc_column_text][\/vc_column][\/vc_row][vc_row][vc_column][vc_column_text]Nous sommes toujours \u00e0 la recherche de professionnels talentueux pour rejoindre notre \u00e9quipe en pleine croissance. Si vous \u00eates engag\u00e9, ambitieux et recherchez une carri\u00e8re \u00e0 long terme, envoyez votre CV en toute confidentialit\u00e9 \u00e0 careers@redachem.com. Nous avons des offres d\u2019emploi \u00e0 tous les niveaux et dans diverses disciplines. N\u2019h\u00e9sitez pas \u00e0 nous contacter![\/vc_column_text][\/vc_column][\/vc_row]<\/p>\n","protected":false},"author":1,"featured_media":0,"parent":0,"menu_order":9,"comment_status":"closed","ping_status":"closed","template":"","meta":{"om_disable_all_campaigns":false,"_monsterinsights_skip_tracking":false,"_monsterinsights_sitenote_active":false,"_monsterinsights_sitenote_note":"","_monsterinsights_sitenote_category":0,"footnotes":""},"class_list":["post-10914","page","type-page","status-publish","hentry"],"aioseo_notices":[],"_links":{"self":[{"href":"https:\/\/redachem.com\/fr\/wp-json\/wp\/v2\/pages\/10914","targetHints":{"allow":["GET"]}}],"collection":[{"href":"https:\/\/redachem.com\/fr\/wp-json\/wp\/v2\/pages"}],"about":[{"href":"https:\/\/redachem.com\/fr\/wp-json\/wp\/v2\/types\/page"}],"author":[{"embeddable":true,"href":"https:\/\/redachem.com\/fr\/wp-json\/wp\/v2\/users\/1"}],"replies":[{"embeddable":true,"href":"https:\/\/redachem.com\/fr\/wp-json\/wp\/v2\/comments?post=10914"}],"version-history":[{"count":8,"href":"https:\/\/redachem.com\/fr\/wp-json\/wp\/v2\/pages\/10914\/revisions"}],"predecessor-version":[{"id":13570,"href":"https:\/\/redachem.com\/fr\/wp-json\/wp\/v2\/pages\/10914\/revisions\/13570"}],"wp:attachment":[{"href":"https:\/\/redachem.com\/fr\/wp-json\/wp\/v2\/media?parent=10914"}],"curies":[{"name":"wp","href":"https:\/\/api.w.org\/{rel}","templated":true}]}}