{"id":10902,"date":"2011-03-09T14:45:51","date_gmt":"2011-03-09T14:45:51","guid":{"rendered":"https:\/\/redachem.com\/network\/"},"modified":"2025-10-30T12:27:41","modified_gmt":"2025-10-30T12:27:41","slug":"network","status":"publish","type":"page","link":"https:\/\/redachem.com\/fr\/network\/","title":{"rendered":"Network"},"content":{"rendered":"<div class=\"wpb-content-wrapper\">[vc_row][vc_column]<div class=\"shortcode-wrapper shortcode-title clearfix\"><p class=\"hb-text-large \">Offices &amp; Locations<\/p><\/div>[\/vc_column][\/vc_row][vc_row][vc_column][vc_column_text css=\u00a0\u00bb\u00a0\u00bb]Nous g\u00e9rons nos activit\u00e9s au niveau r\u00e9gional dans les pays du Golfe, en Afrique du Nord, au Levant, en Afrique subsaharienne, en Afrique du Sud, en Asie du Sud, en Asie centrale, en Asie du Sud-Est et en Chine. Avec un nombre croissant d\u2019\u00e9tablissements ; nous op\u00e9rons \u00e0 partir de 30 bureaux de vente et de 25 entrep\u00f4ts et centres logistiques situ\u00e9s de mani\u00e8re strat\u00e9gique dans toutes les r\u00e9gions desservies. Cela signifie que nous pouvons surveiller de pr\u00e8s le succ\u00e8s de tous nos efforts, \u00e0 tout moment, n\u2019importe o\u00f9.<\/p>\n<ul>\n<li><a style=\"color: #03f;\" href=\"https:\/\/redachem.com\/fr\/network\/the-gulf-region\/\">R\u00e9gion du Golfe<\/a><\/li>\n<li><a style=\"color: #03f;\" href=\"https:\/\/redachem.com\/fr\/network\/north-africa\/\">R\u00e9gion Afrique du Nord<\/a><\/li>\n<li><a style=\"color: #03f;\" href=\"https:\/\/redachem.com\/fr\/network\/levant-region\/\">R\u00e9gion du Levant<\/a><\/li>\n<li><a style=\"color: #03f;\" href=\"https:\/\/redachem.com\/fr\/network\/sub-saharan-africa-region\/\">R\u00e9gion de l&rsquo;Afrique subsaharienne<\/a><\/li>\n<li><a style=\"color: #03f;\" href=\"https:\/\/redachem.com\/fr\/network\/south-africa\/\">Afrique du sud\/a&gt;<\/a><\/li>\n<li><a style=\"color: #03f;\" href=\"https:\/\/redachem.com\/fr\/network\/south-asia\/\">Asie du sud<\/a><\/li>\n<li><a style=\"color: #03f;\" href=\"https:\/\/redachem.com\/fr\/network\/central-asia\/\">Asie central<\/a><\/li>\n<li><a style=\"color: #03f;\" href=\"https:\/\/redachem.com\/fr\/network\/south-east-asia\/\">Asie du sud est<\/a><\/li>\n<li><a style=\"color: #03f;\" href=\"https:\/\/redachem.com\/fr\/network\/china\/\">Chine<\/a><\/li>\n<li><a style=\"color: #03f;\" href=\"https:\/\/redachem.com\/fr\/network\/paris-france-liaison-office\/\">France (Liaison office)<\/a><\/li>\n<\/ul>\n[\/vc_column_text][\/vc_column][\/vc_row][vc_row fullwidth=\u00a0\u00bbyes\u00a0\u00bb fw_columns=\u00a0\u00bbyes\u00a0\u00bb][vc_column][vc_column_text]<div id=\"wpgmza_map_2\" class=\"wpgmza_map wpgmza-auto-left\" style=\"display:block;width:100%;height:600px;overflow:hidden;position:relative;\" data-map-id=\"2\" data-maps-engine=\"google-maps\" data-build-engine=\"atlas-novus\" data-shortcode-attributes=\"{&quot;id&quot;:&quot;2&quot;,&quot;zoom&quot;:false,&quot;width&quot;:false,&quot;height&quot;:false,&quot;marker&quot;:false,&quot;classname&quot;:false,&quot;mashup&quot;:false,&quot;mashup_ids&quot;:false,&quot;cat&quot;:false,&quot;type&quot;:&quot;default&quot;,&quot;parent_id&quot;:false,&quot;lat&quot;:false,&quot;lng&quot;:false,&quot;mark_center&quot;:false,&quot;enable_category&quot;:false,&quot;directions_from&quot;:false,&quot;directions_to&quot;:false,&quot;directions_waypoints&quot;:false,&quot;directions_auto&quot;:false,&quot;disable_vgm_form&quot;:false,&quot;redirect_to&quot;:false}\" data-settings=\"{&quot;map_title&quot;:&quot;REDA Location Maps&quot;,&quot;map_width&quot;:&quot;100&quot;,&quot;map_height&quot;:&quot;600&quot;,&quot;map_start_lat&quot;:&quot;18.42379697632165&quot;,&quot;map_start_lng&quot;:&quot;106.6936444&quot;,&quot;map_start_location&quot;:&quot;45.950464398418106,-109.81550500000003&quot;,&quot;map_start_zoom&quot;:&quot;3&quot;,&quot;default_marker&quot;:&quot;&quot;,&quot;type&quot;:&quot;1&quot;,&quot;alignment&quot;:&quot;4&quot;,&quot;directions_enabled&quot;:&quot;0&quot;,&quot;styling_enabled&quot;:&quot;0&quot;,&quot;styling_json&quot;:&quot;&quot;,&quot;active&quot;:&quot;0&quot;,&quot;kml&quot;:&quot;&quot;,&quot;bicycle&quot;:&quot;0&quot;,&quot;traffic&quot;:&quot;0&quot;,&quot;dbox&quot;:&quot;1&quot;,&quot;dbox_width&quot;:&quot;&quot;,&quot;listmarkers&quot;:&quot;0&quot;,&quot;listmarkers_advanced&quot;:&quot;0&quot;,&quot;filterbycat&quot;:&quot;0&quot;,&quot;ugm_enabled&quot;:&quot;0&quot;,&quot;ugm_category_enabled&quot;:&quot;0&quot;,&quot;fusion&quot;:&quot;&quot;,&quot;map_width_type&quot;:&quot;%&quot;,&quot;map_height_type&quot;:&quot;px&quot;,&quot;mass_marker_support&quot;:&quot;0&quot;,&quot;ugm_access&quot;:&quot;0&quot;,&quot;order_markers_by&quot;:&quot;1&quot;,&quot;order_markers_choice&quot;:&quot;1&quot;,&quot;show_user_location&quot;:&quot;0&quot;,&quot;default_to&quot;:&quot;&quot;,&quot;map_type&quot;:1,&quot;sl_stroke_color&quot;:&quot;#000000&quot;,&quot;sl_fill_color&quot;:&quot;#000000&quot;,&quot;sl_stroke_opacity&quot;:&quot;&quot;,&quot;sl_fill_opacity&quot;:&quot;&quot;,&quot;transport_layer&quot;:false,&quot;action&quot;:&quot;wpgmza_save_map&quot;,&quot;redirect_to&quot;:&quot;\\\/wp-admin\\\/admin-post.php&quot;,&quot;map_id&quot;:&quot;2&quot;,&quot;http_referer&quot;:&quot;\\\/wp-admin\\\/admin.php?page=wp-google-maps-menu&amp;amp;action=edit&amp;amp;map_id=1&quot;,&quot;wpgmza_id&quot;:&quot;1&quot;,&quot;wpgmza_start_location&quot;:&quot;18.42379697632165,106.6936444&quot;,&quot;wpgmza_start_zoom&quot;:&quot;3&quot;,&quot;wpgmza_theme_data&quot;:&quot;&quot;,&quot;store_locator_enabled&quot;:false,&quot;store_locator_search_area&quot;:&quot;radial&quot;,&quot;wpgmza_store_locator_radius_style&quot;:&quot;legacy&quot;,&quot;wpgmza_store_locator_default_radius&quot;:&quot;10&quot;,&quot;store_locator_auto_area_max_zoom&quot;:&quot;&quot;,&quot;store_locator_distance&quot;:false,&quot;wpgmza_store_locator_position&quot;:false,&quot;store_locator_show_distance&quot;:false,&quot;store_locator_category&quot;:false,&quot;wpgmza_store_locator_use_their_location&quot;:false,&quot;wpgmza_store_locator_bounce&quot;:false,&quot;wpgmza_sl_animation&quot;:&quot;0&quot;,&quot;wpgmza_store_locator_hide_before_search&quot;:false,&quot;store_locator_query_string&quot;:&quot;&quot;,&quot;store_locator_location_placeholder&quot;:&quot;&quot;,&quot;store_locator_default_address&quot;:&quot;&quot;,&quot;store_locator_name_search&quot;:false,&quot;store_locator_name_string&quot;:&quot;&quot;,&quot;store_locator_not_found_message&quot;:&quot;&quot;,&quot;wpgmza_map_align&quot;:&quot;1&quot;,&quot;jump_to_nearest_marker_on_initialization&quot;:false,&quot;automatically_pan_to_users_location&quot;:false,&quot;override_users_location_zoom_level&quot;:false,&quot;override_users_location_zoom_levels&quot;:&quot;&quot;,&quot;show_distance_from_location&quot;:false,&quot;map_max_zoom&quot;:&quot;21&quot;,&quot;map_min_zoom&quot;:&quot;0&quot;,&quot;click_open_link&quot;:false,&quot;fit_maps_bounds_to_markers&quot;:false,&quot;fit_maps_bounds_to_markers_after_filtering&quot;:false,&quot;hide_point_of_interest&quot;:false,&quot;wpgmza_zoom_on_marker_click&quot;:false,&quot;wpgmza_zoom_on_marker_click_slider&quot;:&quot;&quot;,&quot;close_infowindow_on_map_click&quot;:false,&quot;disable_lightbox_images&quot;:false,&quot;use_Raw_Jpeg_Coordinates&quot;:false,&quot;polygon_labels&quot;:false,&quot;disable_polygon_info_windows&quot;:false,&quot;enable_marker_ratings&quot;:false,&quot;only_load_markers_within_viewport&quot;:false,&quot;iw_primary_color&quot;:&quot;#000000&quot;,&quot;iw_accent_color&quot;:&quot;#000000&quot;,&quot;iw_text_color&quot;:&quot;#000000&quot;,&quot;wpgmza_listmarkers_by&quot;:&quot;0&quot;,&quot;wpgmza_marker_listing_position&quot;:false,&quot;wpgmza_push_in_map&quot;:false,&quot;wpgmza_push_in_map_placement&quot;:&quot;1&quot;,&quot;wpgmza_push_in_map_width&quot;:&quot;&quot;,&quot;wpgmza_push_in_map_height&quot;:&quot;&quot;,&quot;zoom_level_on_marker_listing_override&quot;:false,&quot;zoom_level_on_marker_listing_click&quot;:&quot;&quot;,&quot;marker_listing_disable_zoom&quot;:false,&quot;datatable_no_result_message&quot;:&quot;&quot;,&quot;remove_search_box_datables&quot;:false,&quot;dataTable_pagination_style&quot;:&quot;default&quot;,&quot;datatable_search_string&quot;:&quot;&quot;,&quot;datatable_result_start&quot;:&quot;&quot;,&quot;datatable_result_of&quot;:&quot;&quot;,&quot;datatable_result_to&quot;:&quot;&quot;,&quot;datatable_result_total&quot;:&quot;&quot;,&quot;datatable_result_show&quot;:&quot;&quot;,&quot;datatable_result_entries&quot;:&quot;&quot;,&quot;wpgmza_savemap&quot;:&quot;Save Map \\u00bb&quot;,&quot;shortcodeAttributes&quot;:{&quot;id&quot;:&quot;2&quot;},&quot;wpgmza_dbox_width_type&quot;:&quot;%&quot;,&quot;default_from&quot;:&quot;&quot;,&quot;directions_behaviour&quot;:&quot;default&quot;,&quot;force_google_directions_app&quot;:false,&quot;directions_route_origin_icon&quot;:&quot;https:\\\/\\\/redachem.com\\\/wp-content\\\/plugins\\\/wp-google-maps\\\/images\\\/spotlight-poi2.png&quot;,&quot;directions_origin_retina&quot;:false,&quot;directions_route_destination_icon&quot;:&quot;https:\\\/\\\/redachem.com\\\/wp-content\\\/plugins\\\/wp-google-maps\\\/images\\\/spotlight-poi2.png&quot;,&quot;directions_destination_retina&quot;:false,&quot;directions_route_stroke_color&quot;:&quot;#4f8df5&quot;,&quot;directions_route_stroke_weight&quot;:&quot;4&quot;,&quot;directions_route_stroke_opacity&quot;:&quot;0.8&quot;,&quot;directions_fit_bounds_to_route&quot;:false,&quot;wpgmza_store_locator_restrict&quot;:&quot;&quot;,&quot;upload_default_sl_marker&quot;:&quot;&quot;,&quot;upload_default_sl_marker_retina&quot;:false,&quot;retina&quot;:false,&quot;upload_default_ul_marker&quot;:&quot;&quot;,&quot;upload_default_ul_marker_retina&quot;:false,&quot;enable_advanced_custom_fields_integration&quot;:false,&quot;enable_toolset_woocommerce_integration&quot;:false,&quot;enable_woo_product_integration&quot;:false,&quot;wpgmza_iw_type&quot;:&quot;0&quot;,&quot;store_locator_component_anchor&quot;:9,&quot;id&quot;:2}\" ><\/div>[\/vc_column_text][\/vc_column][\/vc_row]\n<\/div>","protected":false},"excerpt":{"rendered":"<p>[vc_row][vc_column][\/vc_column][\/vc_row][vc_row][vc_column][vc_column_text css=\u00a0\u00bb\u00a0\u00bb]Nous g\u00e9rons nos activit\u00e9s au niveau r\u00e9gional dans les pays du Golfe, en Afrique du Nord, au Levant, en Afrique subsaharienne, en Afrique du Sud, en Asie du Sud, en Asie centrale, en Asie du Sud-Est et en Chine. Avec un nombre croissant d\u2019\u00e9tablissements ; nous op\u00e9rons \u00e0 partir de 30 bureaux de vente et de 25 entrep\u00f4ts et centres logistiques situ\u00e9s de mani\u00e8re strat\u00e9gique dans toutes les r\u00e9gions desservies. Cela signifie que nous pouvons surveiller de pr\u00e8s le [&hellip;]<\/p>\n","protected":false},"author":1,"featured_media":27945,"parent":0,"menu_order":2,"comment_status":"closed","ping_status":"closed","template":"","meta":{"om_disable_all_campaigns":false,"_monsterinsights_skip_tracking":false,"_monsterinsights_sitenote_active":false,"_monsterinsights_sitenote_note":"","_monsterinsights_sitenote_category":0,"footnotes":""},"class_list":["post-10902","page","type-page","status-publish","has-post-thumbnail","hentry"],"aioseo_notices":[],"_links":{"self":[{"href":"https:\/\/redachem.com\/fr\/wp-json\/wp\/v2\/pages\/10902","targetHints":{"allow":["GET"]}}],"collection":[{"href":"https:\/\/redachem.com\/fr\/wp-json\/wp\/v2\/pages"}],"about":[{"href":"https:\/\/redachem.com\/fr\/wp-json\/wp\/v2\/types\/page"}],"author":[{"embeddable":true,"href":"https:\/\/redachem.com\/fr\/wp-json\/wp\/v2\/users\/1"}],"replies":[{"embeddable":true,"href":"https:\/\/redachem.com\/fr\/wp-json\/wp\/v2\/comments?post=10902"}],"version-history":[{"count":16,"href":"https:\/\/redachem.com\/fr\/wp-json\/wp\/v2\/pages\/10902\/revisions"}],"predecessor-version":[{"id":34828,"href":"https:\/\/redachem.com\/fr\/wp-json\/wp\/v2\/pages\/10902\/revisions\/34828"}],"wp:featuredmedia":[{"embeddable":true,"href":"https:\/\/redachem.com\/fr\/wp-json\/wp\/v2\/media\/27945"}],"wp:attachment":[{"href":"https:\/\/redachem.com\/fr\/wp-json\/wp\/v2\/media?parent=10902"}],"curies":[{"name":"wp","href":"https:\/\/api.w.org\/{rel}","templated":true}]}}