{"id":10891,"date":"2011-07-11T12:31:54","date_gmt":"2011-07-11T12:31:54","guid":{"rendered":"https:\/\/redachem.com\/products-services\/products\/"},"modified":"2021-02-25T14:52:32","modified_gmt":"2021-02-25T14:52:32","slug":"products","status":"publish","type":"page","link":"https:\/\/redachem.com\/fr\/products-services\/products\/","title":{"rendered":"Produits"},"content":{"rendered":"<div class=\"wpb-content-wrapper\">[vc_row][vc_column][vc_column_text]<img loading=\"lazy\" decoding=\"async\" class=\"aligncenter size-full wp-image-7738\" src=\"https:\/\/redachem.com\/wp-content\/uploads\/2018\/02\/ICIS-Ad-Expanding-Your-Reach.jpg\" alt=\"\" width=\"905\" height=\"300\" srcset=\"https:\/\/redachem.com\/wp-content\/uploads\/2018\/02\/ICIS-Ad-Expanding-Your-Reach.jpg 905w, https:\/\/redachem.com\/wp-content\/uploads\/2018\/02\/ICIS-Ad-Expanding-Your-Reach-300x99.jpg 300w, https:\/\/redachem.com\/wp-content\/uploads\/2018\/02\/ICIS-Ad-Expanding-Your-Reach-768x255.jpg 768w\" sizes=\"auto, (max-width: 905px) 100vw, 905px\" \/>[\/vc_column_text][\/vc_column][\/vc_row][vc_row][vc_column][vc_column_text]\n<h2 style=\"color: #009;\">Produits<\/h2>\n[\/vc_column_text][vc_column_text]Que votre entreprise soit grande ou petite, REDA est votre partenaire. Nous vous accorderons l\u2019attention personnalis\u00e9e requise pour saisir les opportunit\u00e9s grandissantes que vous trouverez sur le march\u00e9. Nos fortes capacit\u00e9s d\u2019approvisionnement nous permettent de rendre accessible \u00e0 vous presque tout produits chimiques. Si vous ne trouvez pas ce que vous recherchez, <a style=\"color: #03f;\" title=\"Contact us\" href=\"\/index.php\/inquiries\/\"><strong>demandez-nous!<\/strong><\/a><\/p>\n<p>Les principales lignes de produits g\u00e9r\u00e9es par REDA comprennent :<\/p>\n<ul>\n<li>Produits chimiques \u00e0 base de silicone<\/li>\n<li>Poudres redispersables PVA<\/li>\n<li>Formulations de peroxydes organiques<\/li>\n<li>Pigments Organiques<\/li>\n<li>Additifs de rev\u00eatement<\/li>\n<li>Additifs polym\u00e8res<\/li>\n<li>Polym\u00e8res de sp\u00e9cialit\u00e9<\/li>\n<li>Des catalyseurs<\/li>\n<li>Extendeurs, charges, agents matants<\/li>\n<li>Azurants optiques, modificateurs rh\u00e9ologiques<\/li>\n<li>Produits chimiques industriels<\/li>\n<li>Traitement de l\u2019eau<\/li>\n<li>Charbon actif<\/li>\n<li>Additifs alimentaires<\/li>\n<li>Caoutchouc synth\u00e9tique et produits chimiques \u00e0 base de caoutchouc<\/li>\n<li>Thiochimiques<\/li>\n<li>Additifs pour carburant et lubrifiant<\/li>\n<li>Lubrifiants sp\u00e9cialis\u00e9s<\/li>\n<li>Additifs alimentaires<\/li>\n<li>Fluides caloporteurs<\/li>\n<li>\u2026et plein d\u2019autres<\/li>\n<\/ul>\n[\/vc_column_text][\/vc_column][\/vc_row]\n<\/div>","protected":false},"excerpt":{"rendered":"<p>[vc_row][vc_column][vc_column_text][\/vc_column_text][\/vc_column][\/vc_row][vc_row][vc_column][vc_column_text] Produits [\/vc_column_text][vc_column_text]Que votre entreprise soit grande ou petite, REDA est votre partenaire. Nous vous accorderons l\u2019attention personnalis\u00e9e requise pour saisir les opportunit\u00e9s grandissantes que vous trouverez sur le march\u00e9. Nos fortes capacit\u00e9s d\u2019approvisionnement nous permettent de rendre accessible \u00e0 vous presque tout produits chimiques. Si vous ne trouvez pas ce que vous recherchez, demandez-nous! Les principales lignes de produits g\u00e9r\u00e9es par REDA comprennent : Produits chimiques \u00e0 base de silicone Poudres redispersables PVA Formulations de peroxydes organiques Pigments Organiques [&hellip;]<\/p>\n","protected":false},"author":1,"featured_media":0,"parent":10874,"menu_order":0,"comment_status":"open","ping_status":"closed","template":"","meta":{"om_disable_all_campaigns":false,"_monsterinsights_skip_tracking":false,"_monsterinsights_sitenote_active":false,"_monsterinsights_sitenote_note":"","_monsterinsights_sitenote_category":0,"footnotes":""},"class_list":["post-10891","page","type-page","status-publish","hentry"],"aioseo_notices":[],"_links":{"self":[{"href":"https:\/\/redachem.com\/fr\/wp-json\/wp\/v2\/pages\/10891","targetHints":{"allow":["GET"]}}],"collection":[{"href":"https:\/\/redachem.com\/fr\/wp-json\/wp\/v2\/pages"}],"about":[{"href":"https:\/\/redachem.com\/fr\/wp-json\/wp\/v2\/types\/page"}],"author":[{"embeddable":true,"href":"https:\/\/redachem.com\/fr\/wp-json\/wp\/v2\/users\/1"}],"replies":[{"embeddable":true,"href":"https:\/\/redachem.com\/fr\/wp-json\/wp\/v2\/comments?post=10891"}],"version-history":[{"count":8,"href":"https:\/\/redachem.com\/fr\/wp-json\/wp\/v2\/pages\/10891\/revisions"}],"predecessor-version":[{"id":13554,"href":"https:\/\/redachem.com\/fr\/wp-json\/wp\/v2\/pages\/10891\/revisions\/13554"}],"up":[{"embeddable":true,"href":"https:\/\/redachem.com\/fr\/wp-json\/wp\/v2\/pages\/10874"}],"wp:attachment":[{"href":"https:\/\/redachem.com\/fr\/wp-json\/wp\/v2\/media?parent=10891"}],"curies":[{"name":"wp","href":"https:\/\/api.w.org\/{rel}","templated":true}]}}