{"id":10692,"date":"2011-10-13T13:51:41","date_gmt":"2011-10-13T13:51:41","guid":{"rendered":"https:\/\/redachem.com\/a-propos-de-nous-about-us\/markets\/"},"modified":"2025-11-06T16:03:21","modified_gmt":"2025-11-06T16:03:21","slug":"markets","status":"publish","type":"page","link":"https:\/\/redachem.com\/fr\/a-propos-de-nous\/markets\/","title":{"rendered":"March\u00e9s"},"content":{"rendered":"<div class=\"wpb-content-wrapper\">[vc_row][vc_column][vc_column_text]<img loading=\"lazy\" decoding=\"async\" class=\"aligncenter wp-image-7729\" src=\"https:\/\/redachem.com\/wp-content\/uploads\/2018\/02\/Markets.jpg\" alt=\"\" width=\"1400\" height=\"464\" srcset=\"https:\/\/redachem.com\/wp-content\/uploads\/2018\/02\/Markets.jpg 905w, https:\/\/redachem.com\/wp-content\/uploads\/2018\/02\/Markets-300x99.jpg 300w, https:\/\/redachem.com\/wp-content\/uploads\/2018\/02\/Markets-768x255.jpg 768w\" sizes=\"auto, (max-width: 1400px) 100vw, 1400px\" \/>[\/vc_column_text][\/vc_column][\/vc_row][vc_row][vc_column]<div class=\"shortcode-wrapper shortcode-title clearfix\"><p class=\"hb-text-large \">March\u00e9s que nous servons<\/p><\/div>[vc_column_text]Nous poss\u00e9dons une expertise dans les divers processus de production et pouvons r\u00e9pondre \u00e0 la plupart de vos besoins dans les secteurs suivants :[\/vc_column_text][\/vc_column][\/vc_row][vc_row][vc_column width=\u00a0\u00bb1\/2&Prime;][vc_column_text]\n<ul>\n<li>Industrie des polyol\u00e9fines<\/li>\n<li>Interm\u00e9diaires p\u00e9trochimiques<\/li>\n<li>P\u00e9trole et gaz<\/li>\n<li>Industrie des engrais<\/li>\n<li>Industrie chimique<\/li>\n<li>Galvanisation et m\u00e9taux<\/li>\n<li>Rev\u00eatements, encres et adh\u00e9sifs<\/li>\n<li>Industries des produits chimiques du b\u00e2timent<\/li>\n<li>Industries des mat\u00e9riaux de construction<\/li>\n<\/ul>\n[\/vc_column_text][\/vc_column][vc_column width=\u00a0\u00bb1\/2&Prime;][vc_column_text]\n<ul>\n<li>Plastiques et caoutchouc<\/li>\n<li>Composite et fibre de verre<\/li>\n<li>C\u00e9ramiques et verre<\/li>\n<li>Textile, cuir et papier<\/li>\n<li>Alimentation animale et transformation avicole<\/li>\n<li>D\u00e9tergents et soins personnels<\/li>\n<li>Mines et min\u00e9raux<\/li>\n<li>M\u00e9taux et traitement de surface<\/li>\n<li>Formulation pharmaceutique et synth\u00e9tiques<\/li>\n<\/ul>\n[\/vc_column_text][vc_column_text][\/vc_column_text][\/vc_column][\/vc_row][vc_row][vc_column][vc_column_text]\n[\/vc_column_text][\/vc_column][\/vc_row][vc_row][vc_column width=\u00a0\u00bb1\/3&Prime;]<div class=\"shortcode-wrapper shortcode-icon-box clearfix hb-animate-element hb-flip-y\"><div class=\"feature-box aligncenter\"><a href=\"\/our-organization\/\" target=\"_self\" class=\"hb-icon-wrapper\"><i class=\"icon-paste ic-holder-1\"><\/i><\/a><div class=\"feature-box-content\"><h4 class=\"bold\"><a href=\"\/our-organization\/\" target=\"_self\">Organisation<\/a><\/h4><div class=\"hb-small-break\"><\/div><p><img loading=\"lazy\" decoding=\"async\" class=\"aligncenter size-full wp-image-7748\" src=\"https:\/\/redachem.com\/wp-content\/uploads\/2018\/02\/Our-Organization-thumb.jpg\" alt=\"\" width=\"285\" height=\"150\"><\/p><\/div><\/div><\/div>[\/vc_column][vc_column width=\u00a0\u00bb1\/3&Prime;]<div class=\"shortcode-wrapper shortcode-icon-box clearfix hb-animate-element hb-flip-y\"><div class=\"feature-box aligncenter\"><a href=\"\/markets\/\" target=\"_self\" class=\"hb-icon-wrapper\"><i class=\"hb-moon-users ic-holder-1\"><\/i><\/a><div class=\"feature-box-content\"><h4 class=\"bold\"><a href=\"\/markets\/\" target=\"_self\">March\u00e9s que nous servons<\/a><\/h4><div class=\"hb-small-break\"><\/div><p><img loading=\"lazy\" decoding=\"async\" class=\"aligncenter size-full wp-image-7749\" src=\"https:\/\/redachem.com\/wp-content\/uploads\/2018\/02\/Markets-1.jpg\" alt=\"\" width=\"285\" height=\"150\"><\/p><\/div><\/div><\/div>[\/vc_column][vc_column width=\u00a0\u00bb1\/3&Prime;]<div class=\"shortcode-wrapper shortcode-icon-box clearfix hb-animate-element hb-flip-y\"><div class=\"feature-box aligncenter\"><a href=\"\/quality\/\" target=\"_self\" class=\"hb-icon-wrapper\"><i class=\"icon-suitcase ic-holder-1\"><\/i><\/a><div class=\"feature-box-content\"><h4 class=\"bold\"><a href=\"\/quality\/\" target=\"_self\">QHSE<\/a><\/h4><div class=\"hb-small-break\"><\/div><p><img loading=\"lazy\" decoding=\"async\" class=\"aligncenter size-full wp-image-7751\" src=\"https:\/\/redachem.com\/wp-content\/uploads\/2018\/02\/G-_Back-up-2_REDA-Chemicals-Banners_285x150_Girl_petrochmicals.jpg\" alt=\"\" width=\"285\" height=\"150\"><\/p><\/div><\/div><\/div>[\/vc_column][\/vc_row]\n<\/div>","protected":false},"excerpt":{"rendered":"<p>[vc_row][vc_column][vc_column_text][\/vc_column_text][\/vc_column][\/vc_row][vc_row][vc_column][vc_column_text]Nous poss\u00e9dons une expertise dans les divers processus de production et pouvons r\u00e9pondre \u00e0 la plupart de vos besoins dans les secteurs suivants :[\/vc_column_text][\/vc_column][\/vc_row][vc_row][vc_column width=\u00a0\u00bb1\/2&Prime;][vc_column_text] Industrie des polyol\u00e9fines Interm\u00e9diaires p\u00e9trochimiques P\u00e9trole et gaz Industrie des engrais Industrie chimique Galvanisation et m\u00e9taux Rev\u00eatements, encres et adh\u00e9sifs Industries des produits chimiques du b\u00e2timent Industries des mat\u00e9riaux de construction [\/vc_column_text][\/vc_column][vc_column width=\u00a0\u00bb1\/2&Prime;][vc_column_text] Plastiques et caoutchouc Composite et fibre de verre C\u00e9ramiques et verre Textile, cuir et papier Alimentation animale et transformation avicole D\u00e9tergents et [&hellip;]<\/p>\n","protected":false},"author":6,"featured_media":0,"parent":10645,"menu_order":0,"comment_status":"open","ping_status":"closed","template":"","meta":{"om_disable_all_campaigns":false,"_monsterinsights_skip_tracking":false,"_monsterinsights_sitenote_active":false,"_monsterinsights_sitenote_note":"","_monsterinsights_sitenote_category":0,"footnotes":""},"class_list":["post-10692","page","type-page","status-publish","hentry"],"aioseo_notices":[],"_links":{"self":[{"href":"https:\/\/redachem.com\/fr\/wp-json\/wp\/v2\/pages\/10692","targetHints":{"allow":["GET"]}}],"collection":[{"href":"https:\/\/redachem.com\/fr\/wp-json\/wp\/v2\/pages"}],"about":[{"href":"https:\/\/redachem.com\/fr\/wp-json\/wp\/v2\/types\/page"}],"author":[{"embeddable":true,"href":"https:\/\/redachem.com\/fr\/wp-json\/wp\/v2\/users\/6"}],"replies":[{"embeddable":true,"href":"https:\/\/redachem.com\/fr\/wp-json\/wp\/v2\/comments?post=10692"}],"version-history":[{"count":12,"href":"https:\/\/redachem.com\/fr\/wp-json\/wp\/v2\/pages\/10692\/revisions"}],"predecessor-version":[{"id":34986,"href":"https:\/\/redachem.com\/fr\/wp-json\/wp\/v2\/pages\/10692\/revisions\/34986"}],"up":[{"embeddable":true,"href":"https:\/\/redachem.com\/fr\/wp-json\/wp\/v2\/pages\/10645"}],"wp:attachment":[{"href":"https:\/\/redachem.com\/fr\/wp-json\/wp\/v2\/media?parent=10692"}],"curies":[{"name":"wp","href":"https:\/\/api.w.org\/{rel}","templated":true}]}}