{"id":10645,"date":"2011-12-26T13:39:39","date_gmt":"2011-12-26T13:39:39","guid":{"rendered":"https:\/\/redachem.com\/a-propos-de-nous-about-us\/"},"modified":"2025-12-08T16:27:06","modified_gmt":"2025-12-08T16:27:06","slug":"a-propos-de-nous","status":"publish","type":"page","link":"https:\/\/redachem.com\/fr\/a-propos-de-nous\/","title":{"rendered":"\u00c0 propos de nous (About us)"},"content":{"rendered":"<div class=\"wpb-content-wrapper\">[vc_row][vc_column]<div class=\"shortcode-wrapper shortcode-title clearfix\"><h1 class=\"\">\u00c0 propos de nous<\/h1><\/div>[\/vc_column][\/vc_row][vc_row][vc_column][vc_column_text css=\u00a0\u00bb\u00a0\u00bb]REDA Chemicals est un leader dans la distribution de produits chimiques de sp\u00e9cialit\u00e9. Nous sommes la seule entreprise de distribution chimique d\u00e9di\u00e9e \u00e0 r\u00e9pondre aux besoins industriels sp\u00e9cifiques des clients en Asie, au Moyen-Orient et en Afrique. <\/p>\n<p>Nous op\u00e9rons \u00e0 partir de plus de 100 sites strat\u00e9giquement situ\u00e9s \u2013 bureaux de vente, entrep\u00f4ts et laboratoires \u2013 couvrant la r\u00e9gion APAC (Asie-Pacifique) et MEA (Moyen-Orient et Afrique). Nos plus de 750 employ\u00e9s, r\u00e9partis dans plus de 30 pays, g\u00e8rent un large \u00e9ventail de produits sp\u00e9cialis\u00e9s utilis\u00e9s dans divers secteurs, notamment l\u2019alimentation, les sciences de la vie, les plastiques et le caoutchouc, le p\u00e9trole et le gaz, les rev\u00eatements et la construction, entre autres. <\/p>\n<p>Nous repr\u00e9sentons de nombreux fabricants de produits chimiques de renomm\u00e9e internationale et servons des milliers de clients \u00e0 travers les r\u00e9gions que nous couvrons. Nos clients vont de petites entreprises locales \u00e0 de grandes multinationales \u2013 tous recherchent des produits sp\u00e9cialis\u00e9s qui apportent de la valeur \u00e0 leur marque, et c\u2019est pr\u00e9cis\u00e9ment ce que nous offrons. <\/p>\n<p>Notre organisation est structur\u00e9e par pays\/r\u00e9gion g\u00e9ographique et par unit\u00e9s d\u2019affaires : chaque unit\u00e9 est responsable d\u2019un ensemble de secteurs industriels.<\/p>\n<p>Les services \u00e0 valeur ajout\u00e9e de REDA Chemicals dans la cha\u00eene d\u2019approvisionnement font de nous le partenaire privil\u00e9gi\u00e9 des clients comme des fournisseurs. Gr\u00e2ce \u00e0 nos entrep\u00f4ts et infrastructures bien \u00e9tablis, nous offrons une disponibilit\u00e9 in\u00e9gal\u00e9e des mat\u00e9riaux, un savoir-faire technique et des capacit\u00e9s logistiques adapt\u00e9es \u00e0 vos besoins sp\u00e9cifiques. <\/p>\n<p>Qu\u2019ils soient dangereux ou non, liquides ou solides, en vrac, en f\u00fbts ou en sacs, REDA Chemicals garantit une manipulation s\u00fbre, professionnelle et comp\u00e9tente de vos produits chimiques. Profitez de notre expertise en applications produits et en exigences techniques. <\/p>\n<p>Forts de plusieurs d\u00e9cennies d\u2019exp\u00e9rience, le r\u00e9seau de distribution unique de REDA Chemicals ouvre de nouvelles opportunit\u00e9s pour nos fournisseurs et nos clients. Nous introduisons des produits innovants capables de stimuler la croissance et d\u2019am\u00e9liorer les performances, pour renforcer la valeur de votre marque ! [\/vc_column_text][\/vc_column][\/vc_row][vc_row fullwidth=\u00a0\u00bbyes\u00a0\u00bb background_color=\u00a0\u00bb#f2f2f2&Prime;][vc_column]<div class=\"shortcode-wrapper shortcode-spacer clearfix\"><div class=\"spacer\" style=\"height:35px;\"><\/div><\/div><div class=\"shortcode-wrapper shortcode-title clearfix\"><h2 class=\"\">\u00c0 propos de REDA Chemicals<\/h2><\/div><div class=\"shortcode-wrapper shortcode-spacer clearfix\"><div class=\"spacer\" style=\"height:25px;\"><\/div><\/div>[vc_column_text css=\u00a0\u00bb\u00a0\u00bb]REDA Chemicals est un groupe ind\u00e9pendant et priv\u00e9, engag\u00e9 dans la croissance et la durabilit\u00e9 au sein de l\u2019industrie chimique, soutenu par des ressources solides en mati\u00e8re financi\u00e8re, informatique et de gouvernance.<\/p>\n<p>Notre engagement envers le d\u00e9veloppement durable est dynamique et progressif. Nous respectons des normes \u00e9thiques rigoureuses et un code de conduite solide, mettant l\u2019accent sur la diversit\u00e9, la gestion environnementale, la s\u00e9curit\u00e9 et des syst\u00e8mes de gouvernance avanc\u00e9s.<\/p>\n[\/vc_column_text]En tant qu\u2019acteur essentiel des \u00e9conomies que nous servons, notre mission est noble : soutenir le d\u00e9veloppement des industries manufacturi\u00e8res, contribuer \u00e0 la prosp\u00e9rit\u00e9 des communaut\u00e9s et promouvoir l\u2019\u00e9ducation scientifique aupr\u00e8s des jeunes g\u00e9n\u00e9rations. <div class=\"shortcode-wrapper shortcode-title clearfix\"><h3 style=\"color:#003087!important;border-color:#003087\" class=\"\">Nos activit\u00e9s<\/h3><\/div><div class=\"shortcode-wrapper shortcode-spacer clearfix\"><div class=\"spacer\" style=\"height:25px;\"><\/div><\/div>[vc_column_text css=\u00a0\u00bb\u00a0\u00bb]Nous fournissons des produits chimiques sp\u00e9cialis\u00e9s, des ingr\u00e9dients et des produits formul\u00e9s, compl\u00e9t\u00e9s par des solutions sur mesure, un soutien logistique local et une expertise technique, au service des fabricants locaux et r\u00e9gionaux de produits finis.<\/p>\n<ul>\n<li><a style=\"color: #03f;\" href=\"https:\/\/redachem.com\/en\/\"><strong>REDA Chemicals<\/strong><\/a><strong>:<\/strong> Fourniture de produits chimiques sp\u00e9cialis\u00e9s et d\u2019ingr\u00e9dients destin\u00e9s aux march\u00e9s des sciences de la vie (pharmaceutique, soins personnels, entretien m\u00e9nager, nettoyage industriel) et de la chimie industrielle.<\/li>\n<li><strong><a style=\"color: #03f;\" href=\"https:\/\/redafood.com\/\" target=\"_blank\" rel=\"noopener\">REDA Food Ingredients<\/a>:<\/strong> Fourniture d\u2019ingr\u00e9dients alimentaires et de solutions personnalis\u00e9es pour les march\u00e9s de l\u2019alimentation et des nutraceutiques.<\/li>\n<li><strong><a style=\"color: #03f;\" href=\"https:\/\/redaanimalnutritionandhealth.com\/\" target=\"_blank\" rel=\"noopener\">REDA Animal Nutrition and Health<\/a>:<\/strong> Fourniture d\u2019additifs pour aliments et de solutions essentielles pour la nutrition et la sant\u00e9 animale.<\/li>\n<li><strong><a style=\"color: #03f;\" href=\"https:\/\/redaenergy.com\/\" target=\"_blank\" rel=\"noopener\">REDA Energy<\/a>:<\/strong> Solutions chimiques formul\u00e9es pour l\u2019industrie du p\u00e9trole et du gaz.<\/li>\n<li><strong><a style=\"color: #03f;\" href=\"https:\/\/redalatex.com\/\" target=\"_blank\" rel=\"noopener\">REDA Latex<\/a>:<\/strong> Formulation de latex pour l\u2019industrie du tapis.<\/li>\n<li><strong><a style=\"color: #03f;\" href=\"https:\/\/redawater.com\/\" target=\"_blank\" rel=\"noopener\">REDA Water<\/a>:<\/strong> Produits chimiques et services pour le traitement de l\u2019eau.<\/li>\n<li><strong><a style=\"color: #03f;\" href=\"https:\/\/redalab.com\/\" target=\"_blank\" rel=\"noopener\">REDA Lab<\/a>:<\/strong> \u00c9quipements et instruments de laboratoire.<\/li>\n<\/ul>\n[\/vc_column_text]<div class=\"shortcode-wrapper shortcode-spacer clearfix\"><div class=\"spacer\" style=\"height:25px;\"><\/div><\/div>[\/vc_column][\/vc_row][vc_row][vc_column]<div class=\"shortcode-wrapper shortcode-spacer clearfix\"><div class=\"spacer\" style=\"height:35px;\"><\/div><\/div>[\/vc_column][\/vc_row][vc_row][vc_column width=\u00a0\u00bb1\/3&Prime;]<div class=\"shortcode-wrapper shortcode-icon-box clearfix hb-animate-element hb-flip-y\"><div class=\"feature-box aligncenter\"><a href=\"\/our-organization\/\" target=\"_self\" class=\"hb-icon-wrapper\"><i class=\"icon-paste ic-holder-1\"><\/i><\/a><div class=\"feature-box-content\"><h4 class=\"bold\"><a href=\"\/our-organization\/\" target=\"_self\">Organisation<\/a><\/h4><div class=\"hb-small-break\"><\/div><p><img loading=\"lazy\" decoding=\"async\" class=\"aligncenter size-full wp-image-7748\" src=\"https:\/\/redachem.com\/wp-content\/uploads\/2018\/02\/Our-Organization-thumb.jpg\" alt=\"\" width=\"285\" height=\"150\"><\/p><\/div><\/div><\/div>[\/vc_column][vc_column width=\u00a0\u00bb1\/3&Prime;]<div class=\"shortcode-wrapper shortcode-icon-box clearfix hb-animate-element hb-flip-y\"><div class=\"feature-box aligncenter\"><a href=\"\/markets\/\" target=\"_self\" class=\"hb-icon-wrapper\"><i class=\"hb-moon-users ic-holder-1\"><\/i><\/a><div class=\"feature-box-content\"><h4 class=\"bold\"><a href=\"\/markets\/\" target=\"_self\">March\u00e9s que nous servons<\/a><\/h4><div class=\"hb-small-break\"><\/div><p><img loading=\"lazy\" decoding=\"async\" class=\"aligncenter size-full wp-image-7749\" src=\"https:\/\/redachem.com\/wp-content\/uploads\/2018\/02\/Markets-1.jpg\" alt=\"\" width=\"285\" height=\"150\"><\/p><\/div><\/div><\/div>[\/vc_column][vc_column width=\u00a0\u00bb1\/3&Prime;]<div class=\"shortcode-wrapper shortcode-icon-box clearfix hb-animate-element hb-flip-y\"><div class=\"feature-box aligncenter\"><a href=\"\/quality\/\" target=\"_self\" class=\"hb-icon-wrapper\"><i class=\"icon-suitcase ic-holder-1\"><\/i><\/a><div class=\"feature-box-content\"><h4 class=\"bold\"><a href=\"\/quality\/\" target=\"_self\">QHSE<\/a><\/h4><div class=\"hb-small-break\"><\/div><p><img loading=\"lazy\" decoding=\"async\" class=\"aligncenter size-full wp-image-7751\" src=\"https:\/\/redachem.com\/wp-content\/uploads\/2018\/02\/G-_Back-up-2_REDA-Chemicals-Banners_285x150_Girl_petrochmicals.jpg\" alt=\"\" width=\"285\" height=\"150\"><\/p><\/div><\/div><\/div>[\/vc_column][\/vc_row]\n<\/div>","protected":false},"excerpt":{"rendered":"<p>[vc_row][vc_column][\/vc_column][\/vc_row][vc_row][vc_column][vc_column_text css=\u00a0\u00bb\u00a0\u00bb]REDA Chemicals est un leader dans la distribution de produits chimiques de sp\u00e9cialit\u00e9. Nous sommes la seule entreprise de distribution chimique d\u00e9di\u00e9e \u00e0 r\u00e9pondre aux besoins industriels sp\u00e9cifiques des clients en Asie, au Moyen-Orient et en Afrique. Nous op\u00e9rons \u00e0 partir de plus de 100 sites strat\u00e9giquement situ\u00e9s \u2013 bureaux de vente, entrep\u00f4ts et laboratoires \u2013 couvrant la r\u00e9gion APAC (Asie-Pacifique) et MEA (Moyen-Orient et Afrique). Nos plus de 750 employ\u00e9s, r\u00e9partis dans plus de 30 pays, g\u00e8rent un [&hellip;]<\/p>\n","protected":false},"author":6,"featured_media":27914,"parent":0,"menu_order":0,"comment_status":"closed","ping_status":"closed","template":"","meta":{"om_disable_all_campaigns":false,"_monsterinsights_skip_tracking":false,"_monsterinsights_sitenote_active":false,"_monsterinsights_sitenote_note":"","_monsterinsights_sitenote_category":0,"footnotes":""},"class_list":["post-10645","page","type-page","status-publish","has-post-thumbnail","hentry"],"aioseo_notices":[],"_links":{"self":[{"href":"https:\/\/redachem.com\/fr\/wp-json\/wp\/v2\/pages\/10645","targetHints":{"allow":["GET"]}}],"collection":[{"href":"https:\/\/redachem.com\/fr\/wp-json\/wp\/v2\/pages"}],"about":[{"href":"https:\/\/redachem.com\/fr\/wp-json\/wp\/v2\/types\/page"}],"author":[{"embeddable":true,"href":"https:\/\/redachem.com\/fr\/wp-json\/wp\/v2\/users\/6"}],"replies":[{"embeddable":true,"href":"https:\/\/redachem.com\/fr\/wp-json\/wp\/v2\/comments?post=10645"}],"version-history":[{"count":14,"href":"https:\/\/redachem.com\/fr\/wp-json\/wp\/v2\/pages\/10645\/revisions"}],"predecessor-version":[{"id":35714,"href":"https:\/\/redachem.com\/fr\/wp-json\/wp\/v2\/pages\/10645\/revisions\/35714"}],"wp:featuredmedia":[{"embeddable":true,"href":"https:\/\/redachem.com\/fr\/wp-json\/wp\/v2\/media\/27914"}],"wp:attachment":[{"href":"https:\/\/redachem.com\/fr\/wp-json\/wp\/v2\/media?parent=10645"}],"curies":[{"name":"wp","href":"https:\/\/api.w.org\/{rel}","templated":true}]}}